{"id":576,"date":"2023-12-08T19:32:31","date_gmt":"2023-12-08T19:32:31","guid":{"rendered":"https:\/\/julietpomesleiz.com\/?post_type=product&#038;p=576"},"modified":"2025-02-16T16:22:53","modified_gmt":"2025-02-16T16:22:53","slug":"taules-i-sobretaules-2024-copia","status":"publish","type":"product","link":"https:\/\/julietpomesleiz.com\/en\/product\/taules-i-sobretaules-2024-copia","title":{"rendered":"Taules i sobretaules 2024"},"content":{"rendered":"<p>Doce ilustraciones dedicadas a este fabuloso logro de la humanidad que es el sentarse alrededor de una mesa puesta y reunirse con los dem\u00e1s&#8230;o con uno mismo. Algunas muestran solo lo que queda en la mesa al final de la comida, unas composiciones que ser\u00eda imposible crear artificialmente.<\/p>\n<p>Este es el m\u00e1s ecl\u00e9ctico de mis calendarios hasta ahora y est\u00e1 hecho durante el oto\u00f1o de 2023 en Par\u00eds.<\/p>","protected":false},"excerpt":{"rendered":"<p>CATALAN<\/p>\n<p>33 x 21 cm<\/p>\n<p>14 pages<\/p>\n<p>Papel Shiri Eco de 160 gr<\/p>","protected":false},"featured_media":540,"comment_status":"open","ping_status":"closed","template":"","meta":{"_acf_changed":false},"product_brand":[],"product_cat":[25,19],"product_tag":[],"class_list":{"0":"post-576","1":"product","2":"type-product","3":"status-publish","4":"has-post-thumbnail","6":"product_cat-products","7":"product_cat-calendarios","9":"first","10":"instock","11":"shipping-taxable","12":"purchasable","13":"product-type-simple"},"acf":[],"yoast_head":"<!-- This site is optimized with the Yoast SEO plugin v26.2 - https:\/\/yoast.com\/wordpress\/plugins\/seo\/ -->\n<title>Taules i sobretaules 2024 - Juliet Pom\u00e9s Leiz<\/title>\n<meta name=\"robots\" content=\"index, follow, max-snippet:-1, max-image-preview:large, max-video-preview:-1\" \/>\n<link rel=\"canonical\" href=\"https:\/\/julietpomesleiz.com\/en\/product\/taules-i-sobretaules-2024-copia\/\" \/>\n<meta property=\"og:locale\" content=\"en_US\" \/>\n<meta property=\"og:type\" content=\"article\" \/>\n<meta property=\"og:title\" content=\"Taules i sobretaules 2024 - Juliet Pom\u00e9s Leiz\" \/>\n<meta property=\"og:description\" content=\"CATAL\u00c0  33 x 21 cm  14 p\u00e1ginas  Papel Shiri Eco de 160 gr\" \/>\n<meta property=\"og:url\" content=\"https:\/\/julietpomesleiz.com\/en\/product\/taules-i-sobretaules-2024-copia\/\" \/>\n<meta property=\"og:site_name\" content=\"Juliet Pom\u00e9s Leiz\" \/>\n<meta property=\"article:modified_time\" content=\"2025-02-16T16:22:53+00:00\" \/>\n<meta property=\"og:image\" content=\"https:\/\/julietpomesleiz.com\/wp-content\/uploads\/2023\/12\/0-TAULES-I-SOBRETAULES-2024.png\" \/>\n\t<meta property=\"og:image:width\" content=\"715\" \/>\n\t<meta property=\"og:image:height\" content=\"1096\" \/>\n\t<meta property=\"og:image:type\" content=\"image\/png\" \/>\n<meta name=\"twitter:card\" content=\"summary_large_image\" \/>\n<meta name=\"twitter:label1\" content=\"Est. reading time\" \/>\n\t<meta name=\"twitter:data1\" content=\"1 minute\" \/>\n<script type=\"application\/ld+json\" class=\"yoast-schema-graph\">{\"@context\":\"https:\/\/schema.org\",\"@graph\":[{\"@type\":\"WebPage\",\"@id\":\"https:\/\/julietpomesleiz.com\/producto\/taules-i-sobretaules-2024-copia\",\"url\":\"https:\/\/julietpomesleiz.com\/producto\/taules-i-sobretaules-2024-copia\",\"name\":\"Taules i sobretaules 2024 - Juliet Pom\u00e9s Leiz\",\"isPartOf\":{\"@id\":\"https:\/\/julietpomesleiz.com\/#website\"},\"primaryImageOfPage\":{\"@id\":\"https:\/\/julietpomesleiz.com\/producto\/taules-i-sobretaules-2024-copia#primaryimage\"},\"image\":{\"@id\":\"https:\/\/julietpomesleiz.com\/producto\/taules-i-sobretaules-2024-copia#primaryimage\"},\"thumbnailUrl\":\"https:\/\/julietpomesleiz.com\/wp-content\/uploads\/2023\/12\/0-TAULES-I-SOBRETAULES-2024.png\",\"datePublished\":\"2023-12-08T19:32:31+00:00\",\"dateModified\":\"2025-02-16T16:22:53+00:00\",\"breadcrumb\":{\"@id\":\"https:\/\/julietpomesleiz.com\/producto\/taules-i-sobretaules-2024-copia#breadcrumb\"},\"inLanguage\":\"en-US\",\"potentialAction\":[{\"@type\":\"ReadAction\",\"target\":[\"https:\/\/julietpomesleiz.com\/producto\/taules-i-sobretaules-2024-copia\"]}]},{\"@type\":\"ImageObject\",\"inLanguage\":\"en-US\",\"@id\":\"https:\/\/julietpomesleiz.com\/producto\/taules-i-sobretaules-2024-copia#primaryimage\",\"url\":\"https:\/\/julietpomesleiz.com\/wp-content\/uploads\/2023\/12\/0-TAULES-I-SOBRETAULES-2024.png\",\"contentUrl\":\"https:\/\/julietpomesleiz.com\/wp-content\/uploads\/2023\/12\/0-TAULES-I-SOBRETAULES-2024.png\",\"width\":715,\"height\":1096},{\"@type\":\"BreadcrumbList\",\"@id\":\"https:\/\/julietpomesleiz.com\/producto\/taules-i-sobretaules-2024-copia#breadcrumb\",\"itemListElement\":[{\"@type\":\"ListItem\",\"position\":1,\"name\":\"Portada\",\"item\":\"https:\/\/julietpomesleiz.com\/\"},{\"@type\":\"ListItem\",\"position\":2,\"name\":\"Tienda\",\"item\":\"https:\/\/julietpomesleiz.com\/tienda\"},{\"@type\":\"ListItem\",\"position\":3,\"name\":\"Taules i sobretaules 2024\"}]},{\"@type\":\"WebSite\",\"@id\":\"https:\/\/julietpomesleiz.com\/#website\",\"url\":\"https:\/\/julietpomesleiz.com\/\",\"name\":\"Juliet Pom\u00e9s Leiz\",\"description\":\"Through the shop\",\"potentialAction\":[{\"@type\":\"SearchAction\",\"target\":{\"@type\":\"EntryPoint\",\"urlTemplate\":\"https:\/\/julietpomesleiz.com\/?s={search_term_string}\"},\"query-input\":{\"@type\":\"PropertyValueSpecification\",\"valueRequired\":true,\"valueName\":\"search_term_string\"}}],\"inLanguage\":\"en-US\"}]}<\/script>\n<!-- \/ Yoast SEO plugin. -->","yoast_head_json":{"title":"Taules i sobretaules 2024 - Juliet Pom\u00e9s Leiz","robots":{"index":"index","follow":"follow","max-snippet":"max-snippet:-1","max-image-preview":"max-image-preview:large","max-video-preview":"max-video-preview:-1"},"canonical":"https:\/\/julietpomesleiz.com\/en\/product\/taules-i-sobretaules-2024-copia\/","og_locale":"en_US","og_type":"article","og_title":"Taules i sobretaules 2024 - Juliet Pom\u00e9s Leiz","og_description":"CATAL\u00c0  33 x 21 cm  14 p\u00e1ginas  Papel Shiri Eco de 160 gr","og_url":"https:\/\/julietpomesleiz.com\/en\/product\/taules-i-sobretaules-2024-copia\/","og_site_name":"Juliet Pom\u00e9s Leiz","article_modified_time":"2025-02-16T16:22:53+00:00","og_image":[{"width":715,"height":1096,"url":"https:\/\/julietpomesleiz.com\/wp-content\/uploads\/2023\/12\/0-TAULES-I-SOBRETAULES-2024.png","type":"image\/png"}],"twitter_card":"summary_large_image","twitter_misc":{"Est. reading time":"1 minute"},"schema":{"@context":"https:\/\/schema.org","@graph":[{"@type":"WebPage","@id":"https:\/\/julietpomesleiz.com\/producto\/taules-i-sobretaules-2024-copia","url":"https:\/\/julietpomesleiz.com\/producto\/taules-i-sobretaules-2024-copia","name":"Taules i sobretaules 2024 - Juliet Pom\u00e9s Leiz","isPartOf":{"@id":"https:\/\/julietpomesleiz.com\/#website"},"primaryImageOfPage":{"@id":"https:\/\/julietpomesleiz.com\/producto\/taules-i-sobretaules-2024-copia#primaryimage"},"image":{"@id":"https:\/\/julietpomesleiz.com\/producto\/taules-i-sobretaules-2024-copia#primaryimage"},"thumbnailUrl":"https:\/\/julietpomesleiz.com\/wp-content\/uploads\/2023\/12\/0-TAULES-I-SOBRETAULES-2024.png","datePublished":"2023-12-08T19:32:31+00:00","dateModified":"2025-02-16T16:22:53+00:00","breadcrumb":{"@id":"https:\/\/julietpomesleiz.com\/producto\/taules-i-sobretaules-2024-copia#breadcrumb"},"inLanguage":"en-US","potentialAction":[{"@type":"ReadAction","target":["https:\/\/julietpomesleiz.com\/producto\/taules-i-sobretaules-2024-copia"]}]},{"@type":"ImageObject","inLanguage":"en-US","@id":"https:\/\/julietpomesleiz.com\/producto\/taules-i-sobretaules-2024-copia#primaryimage","url":"https:\/\/julietpomesleiz.com\/wp-content\/uploads\/2023\/12\/0-TAULES-I-SOBRETAULES-2024.png","contentUrl":"https:\/\/julietpomesleiz.com\/wp-content\/uploads\/2023\/12\/0-TAULES-I-SOBRETAULES-2024.png","width":715,"height":1096},{"@type":"BreadcrumbList","@id":"https:\/\/julietpomesleiz.com\/producto\/taules-i-sobretaules-2024-copia#breadcrumb","itemListElement":[{"@type":"ListItem","position":1,"name":"Portada","item":"https:\/\/julietpomesleiz.com\/"},{"@type":"ListItem","position":2,"name":"Tienda","item":"https:\/\/julietpomesleiz.com\/tienda"},{"@type":"ListItem","position":3,"name":"Taules i sobretaules 2024"}]},{"@type":"WebSite","@id":"https:\/\/julietpomesleiz.com\/#website","url":"https:\/\/julietpomesleiz.com\/","name":"Juliet Pom\u00e9s Leiz","description":"Through the shop","potentialAction":[{"@type":"SearchAction","target":{"@type":"EntryPoint","urlTemplate":"https:\/\/julietpomesleiz.com\/?s={search_term_string}"},"query-input":{"@type":"PropertyValueSpecification","valueRequired":true,"valueName":"search_term_string"}}],"inLanguage":"en-US"}]}},"_links":{"self":[{"href":"https:\/\/julietpomesleiz.com\/en\/wp-json\/wp\/v2\/product\/576","targetHints":{"allow":["GET"]}}],"collection":[{"href":"https:\/\/julietpomesleiz.com\/en\/wp-json\/wp\/v2\/product"}],"about":[{"href":"https:\/\/julietpomesleiz.com\/en\/wp-json\/wp\/v2\/types\/product"}],"replies":[{"embeddable":true,"href":"https:\/\/julietpomesleiz.com\/en\/wp-json\/wp\/v2\/comments?post=576"}],"wp:featuredmedia":[{"embeddable":true,"href":"https:\/\/julietpomesleiz.com\/en\/wp-json\/wp\/v2\/media\/540"}],"wp:attachment":[{"href":"https:\/\/julietpomesleiz.com\/en\/wp-json\/wp\/v2\/media?parent=576"}],"wp:term":[{"taxonomy":"product_brand","embeddable":true,"href":"https:\/\/julietpomesleiz.com\/en\/wp-json\/wp\/v2\/product_brand?post=576"},{"taxonomy":"product_cat","embeddable":true,"href":"https:\/\/julietpomesleiz.com\/en\/wp-json\/wp\/v2\/product_cat?post=576"},{"taxonomy":"product_tag","embeddable":true,"href":"https:\/\/julietpomesleiz.com\/en\/wp-json\/wp\/v2\/product_tag?post=576"}],"curies":[{"name":"wp","href":"https:\/\/api.w.org\/{rel}","templated":true}]}}