{"id":329,"date":"2021-09-21T14:44:58","date_gmt":"2021-09-21T14:44:58","guid":{"rendered":"https:\/\/julietpomesleiz.com\/?post_type=product&#038;p=329"},"modified":"2022-12-13T16:32:02","modified_gmt":"2022-12-13T16:32:02","slug":"santa-cole","status":"publish","type":"product","link":"https:\/\/julietpomesleiz.com\/en\/product\/santa-cole","title":{"rendered":"Santa &#038; Cole &#8211; Un paseo por nuevos mundos"},"content":{"rendered":"<p>As\u00ed anunci\u00f3 Santa &amp; Cole la apertura de su precioso espacio-galer\u00eda de arte en Barcelona.<\/p>\n<p>Hice la ilustraci\u00f3n a prop\u00f3sito para el evento tras una grata visita a mi estudio de Nina Mas\u00f3, socia fundadora de S&amp;C, en que me explic\u00f3 el proyecto y me hizo imaginar su atm\u00f3sfera. (Gr\u00e1fica: Paula Gracia)<\/p>\n<p>&nbsp;<\/p>","protected":false},"excerpt":{"rendered":"<p><span style=\"font-weight: 400;\">70 x 50 cm<\/span><span style=\"font-weight: 400;\">\u00a0<\/span><\/p>\n<p><span style=\"font-weight: 400;\">Fedrigoni Freelife Vellum White Paper 140 g<\/span><\/p>\n<p>4 + 0 Inks<\/p>","protected":false},"featured_media":325,"comment_status":"open","ping_status":"closed","template":"","meta":{"_acf_changed":false},"product_brand":[],"product_cat":[25,31],"product_tag":[],"class_list":{"0":"post-329","1":"product","2":"type-product","3":"status-publish","4":"has-post-thumbnail","6":"product_cat-products","7":"product_cat-posters","9":"first","10":"instock","11":"shipping-taxable","12":"purchasable","13":"product-type-simple"},"acf":[],"yoast_head":"<!-- This site is optimized with the Yoast SEO plugin v26.2 - https:\/\/yoast.com\/wordpress\/plugins\/seo\/ -->\n<title>Santa &amp; Cole - Un paseo por nuevos mundos - Juliet Pom\u00e9s Leiz<\/title>\n<meta name=\"robots\" content=\"index, follow, max-snippet:-1, max-image-preview:large, max-video-preview:-1\" \/>\n<link rel=\"canonical\" href=\"https:\/\/julietpomesleiz.com\/en\/product\/santa-cole\/\" \/>\n<meta property=\"og:locale\" content=\"en_US\" \/>\n<meta property=\"og:type\" content=\"article\" \/>\n<meta property=\"og:title\" content=\"Santa &amp; Cole - Un paseo por nuevos mundos - Juliet Pom\u00e9s Leiz\" \/>\n<meta property=\"og:description\" content=\"70 x 50 cm\u00a0  Papel Fedrigoni Freelife Vellum White 140 g  Tintas 4 + 0\" \/>\n<meta property=\"og:url\" content=\"https:\/\/julietpomesleiz.com\/en\/product\/santa-cole\/\" \/>\n<meta property=\"og:site_name\" content=\"Juliet Pom\u00e9s Leiz\" \/>\n<meta property=\"article:modified_time\" content=\"2022-12-13T16:32:02+00:00\" \/>\n<meta property=\"og:image\" content=\"https:\/\/julietpomesleiz.com\/wp-content\/uploads\/2021\/09\/Poster-Galeria-Nuevos-Mundos-SC-Juliet-Pomes.jpg\" \/>\n\t<meta property=\"og:image:width\" content=\"980\" \/>\n\t<meta property=\"og:image:height\" content=\"1400\" \/>\n\t<meta property=\"og:image:type\" content=\"image\/jpeg\" \/>\n<meta name=\"twitter:card\" content=\"summary_large_image\" \/>\n<meta name=\"twitter:label1\" content=\"Est. reading time\" \/>\n\t<meta name=\"twitter:data1\" content=\"1 minute\" \/>\n<script type=\"application\/ld+json\" class=\"yoast-schema-graph\">{\"@context\":\"https:\/\/schema.org\",\"@graph\":[{\"@type\":\"WebPage\",\"@id\":\"https:\/\/julietpomesleiz.com\/producto\/santa-cole\",\"url\":\"https:\/\/julietpomesleiz.com\/producto\/santa-cole\",\"name\":\"Santa & Cole - Un paseo por nuevos mundos - Juliet Pom\u00e9s Leiz\",\"isPartOf\":{\"@id\":\"https:\/\/julietpomesleiz.com\/#website\"},\"primaryImageOfPage\":{\"@id\":\"https:\/\/julietpomesleiz.com\/producto\/santa-cole#primaryimage\"},\"image\":{\"@id\":\"https:\/\/julietpomesleiz.com\/producto\/santa-cole#primaryimage\"},\"thumbnailUrl\":\"https:\/\/julietpomesleiz.com\/wp-content\/uploads\/2021\/09\/Poster-Galeria-Nuevos-Mundos-SC-Juliet-Pomes.jpg\",\"datePublished\":\"2021-09-21T14:44:58+00:00\",\"dateModified\":\"2022-12-13T16:32:02+00:00\",\"breadcrumb\":{\"@id\":\"https:\/\/julietpomesleiz.com\/producto\/santa-cole#breadcrumb\"},\"inLanguage\":\"en-US\",\"potentialAction\":[{\"@type\":\"ReadAction\",\"target\":[\"https:\/\/julietpomesleiz.com\/producto\/santa-cole\"]}]},{\"@type\":\"ImageObject\",\"inLanguage\":\"en-US\",\"@id\":\"https:\/\/julietpomesleiz.com\/producto\/santa-cole#primaryimage\",\"url\":\"https:\/\/julietpomesleiz.com\/wp-content\/uploads\/2021\/09\/Poster-Galeria-Nuevos-Mundos-SC-Juliet-Pomes.jpg\",\"contentUrl\":\"https:\/\/julietpomesleiz.com\/wp-content\/uploads\/2021\/09\/Poster-Galeria-Nuevos-Mundos-SC-Juliet-Pomes.jpg\",\"width\":980,\"height\":1400},{\"@type\":\"BreadcrumbList\",\"@id\":\"https:\/\/julietpomesleiz.com\/producto\/santa-cole#breadcrumb\",\"itemListElement\":[{\"@type\":\"ListItem\",\"position\":1,\"name\":\"Portada\",\"item\":\"https:\/\/julietpomesleiz.com\/\"},{\"@type\":\"ListItem\",\"position\":2,\"name\":\"Tienda\",\"item\":\"https:\/\/julietpomesleiz.com\/tienda\"},{\"@type\":\"ListItem\",\"position\":3,\"name\":\"Santa &#038; Cole &#8211; Un paseo por nuevos mundos\"}]},{\"@type\":\"WebSite\",\"@id\":\"https:\/\/julietpomesleiz.com\/#website\",\"url\":\"https:\/\/julietpomesleiz.com\/\",\"name\":\"Juliet Pom\u00e9s Leiz\",\"description\":\"Through the shop\",\"potentialAction\":[{\"@type\":\"SearchAction\",\"target\":{\"@type\":\"EntryPoint\",\"urlTemplate\":\"https:\/\/julietpomesleiz.com\/?s={search_term_string}\"},\"query-input\":{\"@type\":\"PropertyValueSpecification\",\"valueRequired\":true,\"valueName\":\"search_term_string\"}}],\"inLanguage\":\"en-US\"}]}<\/script>\n<!-- \/ Yoast SEO plugin. -->","yoast_head_json":{"title":"Santa & Cole - Un paseo por nuevos mundos - Juliet Pom\u00e9s Leiz","robots":{"index":"index","follow":"follow","max-snippet":"max-snippet:-1","max-image-preview":"max-image-preview:large","max-video-preview":"max-video-preview:-1"},"canonical":"https:\/\/julietpomesleiz.com\/en\/product\/santa-cole\/","og_locale":"en_US","og_type":"article","og_title":"Santa & Cole - Un paseo por nuevos mundos - Juliet Pom\u00e9s Leiz","og_description":"70 x 50 cm\u00a0  Papel Fedrigoni Freelife Vellum White 140 g  Tintas 4 + 0","og_url":"https:\/\/julietpomesleiz.com\/en\/product\/santa-cole\/","og_site_name":"Juliet Pom\u00e9s Leiz","article_modified_time":"2022-12-13T16:32:02+00:00","og_image":[{"width":980,"height":1400,"url":"https:\/\/julietpomesleiz.com\/wp-content\/uploads\/2021\/09\/Poster-Galeria-Nuevos-Mundos-SC-Juliet-Pomes.jpg","type":"image\/jpeg"}],"twitter_card":"summary_large_image","twitter_misc":{"Est. reading time":"1 minute"},"schema":{"@context":"https:\/\/schema.org","@graph":[{"@type":"WebPage","@id":"https:\/\/julietpomesleiz.com\/producto\/santa-cole","url":"https:\/\/julietpomesleiz.com\/producto\/santa-cole","name":"Santa & Cole - Un paseo por nuevos mundos - Juliet Pom\u00e9s Leiz","isPartOf":{"@id":"https:\/\/julietpomesleiz.com\/#website"},"primaryImageOfPage":{"@id":"https:\/\/julietpomesleiz.com\/producto\/santa-cole#primaryimage"},"image":{"@id":"https:\/\/julietpomesleiz.com\/producto\/santa-cole#primaryimage"},"thumbnailUrl":"https:\/\/julietpomesleiz.com\/wp-content\/uploads\/2021\/09\/Poster-Galeria-Nuevos-Mundos-SC-Juliet-Pomes.jpg","datePublished":"2021-09-21T14:44:58+00:00","dateModified":"2022-12-13T16:32:02+00:00","breadcrumb":{"@id":"https:\/\/julietpomesleiz.com\/producto\/santa-cole#breadcrumb"},"inLanguage":"en-US","potentialAction":[{"@type":"ReadAction","target":["https:\/\/julietpomesleiz.com\/producto\/santa-cole"]}]},{"@type":"ImageObject","inLanguage":"en-US","@id":"https:\/\/julietpomesleiz.com\/producto\/santa-cole#primaryimage","url":"https:\/\/julietpomesleiz.com\/wp-content\/uploads\/2021\/09\/Poster-Galeria-Nuevos-Mundos-SC-Juliet-Pomes.jpg","contentUrl":"https:\/\/julietpomesleiz.com\/wp-content\/uploads\/2021\/09\/Poster-Galeria-Nuevos-Mundos-SC-Juliet-Pomes.jpg","width":980,"height":1400},{"@type":"BreadcrumbList","@id":"https:\/\/julietpomesleiz.com\/producto\/santa-cole#breadcrumb","itemListElement":[{"@type":"ListItem","position":1,"name":"Portada","item":"https:\/\/julietpomesleiz.com\/"},{"@type":"ListItem","position":2,"name":"Tienda","item":"https:\/\/julietpomesleiz.com\/tienda"},{"@type":"ListItem","position":3,"name":"Santa &#038; Cole &#8211; Un paseo por nuevos mundos"}]},{"@type":"WebSite","@id":"https:\/\/julietpomesleiz.com\/#website","url":"https:\/\/julietpomesleiz.com\/","name":"Juliet Pom\u00e9s Leiz","description":"Through the shop","potentialAction":[{"@type":"SearchAction","target":{"@type":"EntryPoint","urlTemplate":"https:\/\/julietpomesleiz.com\/?s={search_term_string}"},"query-input":{"@type":"PropertyValueSpecification","valueRequired":true,"valueName":"search_term_string"}}],"inLanguage":"en-US"}]}},"_links":{"self":[{"href":"https:\/\/julietpomesleiz.com\/en\/wp-json\/wp\/v2\/product\/329","targetHints":{"allow":["GET"]}}],"collection":[{"href":"https:\/\/julietpomesleiz.com\/en\/wp-json\/wp\/v2\/product"}],"about":[{"href":"https:\/\/julietpomesleiz.com\/en\/wp-json\/wp\/v2\/types\/product"}],"replies":[{"embeddable":true,"href":"https:\/\/julietpomesleiz.com\/en\/wp-json\/wp\/v2\/comments?post=329"}],"wp:featuredmedia":[{"embeddable":true,"href":"https:\/\/julietpomesleiz.com\/en\/wp-json\/wp\/v2\/media\/325"}],"wp:attachment":[{"href":"https:\/\/julietpomesleiz.com\/en\/wp-json\/wp\/v2\/media?parent=329"}],"wp:term":[{"taxonomy":"product_brand","embeddable":true,"href":"https:\/\/julietpomesleiz.com\/en\/wp-json\/wp\/v2\/product_brand?post=329"},{"taxonomy":"product_cat","embeddable":true,"href":"https:\/\/julietpomesleiz.com\/en\/wp-json\/wp\/v2\/product_cat?post=329"},{"taxonomy":"product_tag","embeddable":true,"href":"https:\/\/julietpomesleiz.com\/en\/wp-json\/wp\/v2\/product_tag?post=329"}],"curies":[{"name":"wp","href":"https:\/\/api.w.org\/{rel}","templated":true}]}}