{"id":228,"date":"2021-04-14T10:02:32","date_gmt":"2021-04-14T10:02:32","guid":{"rendered":"https:\/\/julietpomesleiz.com\/?post_type=product&#038;p=228"},"modified":"2021-06-04T11:26:50","modified_gmt":"2021-06-04T11:26:50","slug":"las-contempladoras","status":"publish","type":"product","link":"https:\/\/julietpomesleiz.com\/en\/product\/las-contempladoras","title":{"rendered":"Las contempladoras"},"content":{"rendered":"<p>Tres mujeres contemplan una escultura de Dana Schutz en la Petzel Gallery.<\/p>\n<p>It is part of Mostly Vernissages, the series that I started as a result of a stay in New York and my journey through its art galleries and museums in 2019.<\/p>\n<p>&nbsp;<\/p>\n<p><strong>About the Mostly Vernissages series<\/strong><\/p>\n<p><span style=\"font-weight: 400;\">It was winter and the visitors, most of them dark dressed, moved through those spaces of impressive dimensions that are the art galleries in New York, grouping themselves in black spots that I found very suggestive.\u00a0<\/span><\/p>\n<p><span style=\"font-weight: 400;\">These human amalgams were very useful to explore the omission and limits in drawing, which interests me the most at this moment.<\/span><\/p>\n<p><span style=\"font-weight: 400;\">I have continued looking for material for my drawings, and my sources are mostly Instagram stories or posts, generally reports of art exhibitions\u2019 openings.<\/span><\/p>","protected":false},"excerpt":{"rendered":"<p>30 x 40 cm<\/p>\n<p>Gicl\u00e9e print<\/p>\n<p>Canson Infinity Velin Museum Rag paper 315 g<\/p>\n<p>Edition of 20, each one numbered, certified and signed<\/p>","protected":false},"featured_media":229,"comment_status":"open","ping_status":"closed","template":"","meta":{"_acf_changed":false},"product_brand":[],"product_cat":[26,32],"product_tag":[],"class_list":{"0":"post-228","1":"product","2":"type-product","3":"status-publish","4":"has-post-thumbnail","6":"product_cat-art-gallery","7":"product_cat-edicion-limitada","9":"first","10":"instock","11":"shipping-taxable","12":"purchasable","13":"product-type-simple"},"acf":[],"yoast_head":"<!-- This site is optimized with the Yoast SEO plugin v26.2 - https:\/\/yoast.com\/wordpress\/plugins\/seo\/ -->\n<title>Las contempladoras - Juliet Pom\u00e9s Leiz<\/title>\n<meta name=\"robots\" content=\"index, follow, max-snippet:-1, max-image-preview:large, max-video-preview:-1\" \/>\n<link rel=\"canonical\" href=\"https:\/\/julietpomesleiz.com\/en\/product\/las-contempladoras\/\" \/>\n<meta property=\"og:locale\" content=\"en_US\" \/>\n<meta property=\"og:type\" content=\"article\" \/>\n<meta property=\"og:title\" content=\"Las contempladoras - Juliet Pom\u00e9s Leiz\" \/>\n<meta property=\"og:description\" content=\"30 x 40 cm  Impresi\u00f3n en gicl\u00e9e  Papel Canson Infinity Velin Museum Rag 315 g  Edici\u00f3n de 20 ejemplares numerados, certificados y firmados\" \/>\n<meta property=\"og:url\" content=\"https:\/\/julietpomesleiz.com\/en\/product\/las-contempladoras\/\" \/>\n<meta property=\"og:site_name\" content=\"Juliet Pom\u00e9s Leiz\" \/>\n<meta property=\"article:modified_time\" content=\"2021-06-04T11:26:50+00:00\" \/>\n<meta property=\"og:image\" content=\"https:\/\/julietpomesleiz.com\/wp-content\/uploads\/2021\/04\/J_POMES_LEIZ_LAS_CONTEMPLADORAS.jpg\" \/>\n\t<meta property=\"og:image:width\" content=\"1400\" \/>\n\t<meta property=\"og:image:height\" content=\"1050\" \/>\n\t<meta property=\"og:image:type\" content=\"image\/jpeg\" \/>\n<meta name=\"twitter:card\" content=\"summary_large_image\" \/>\n<meta name=\"twitter:label1\" content=\"Est. reading time\" \/>\n\t<meta name=\"twitter:data1\" content=\"1 minute\" \/>\n<script type=\"application\/ld+json\" class=\"yoast-schema-graph\">{\"@context\":\"https:\/\/schema.org\",\"@graph\":[{\"@type\":\"WebPage\",\"@id\":\"https:\/\/julietpomesleiz.com\/producto\/las-contempladoras\",\"url\":\"https:\/\/julietpomesleiz.com\/producto\/las-contempladoras\",\"name\":\"Las contempladoras - Juliet Pom\u00e9s Leiz\",\"isPartOf\":{\"@id\":\"https:\/\/julietpomesleiz.com\/#website\"},\"primaryImageOfPage\":{\"@id\":\"https:\/\/julietpomesleiz.com\/producto\/las-contempladoras#primaryimage\"},\"image\":{\"@id\":\"https:\/\/julietpomesleiz.com\/producto\/las-contempladoras#primaryimage\"},\"thumbnailUrl\":\"https:\/\/julietpomesleiz.com\/wp-content\/uploads\/2021\/04\/J_POMES_LEIZ_LAS_CONTEMPLADORAS.jpg\",\"datePublished\":\"2021-04-14T10:02:32+00:00\",\"dateModified\":\"2021-06-04T11:26:50+00:00\",\"breadcrumb\":{\"@id\":\"https:\/\/julietpomesleiz.com\/producto\/las-contempladoras#breadcrumb\"},\"inLanguage\":\"en-US\",\"potentialAction\":[{\"@type\":\"ReadAction\",\"target\":[\"https:\/\/julietpomesleiz.com\/producto\/las-contempladoras\"]}]},{\"@type\":\"ImageObject\",\"inLanguage\":\"en-US\",\"@id\":\"https:\/\/julietpomesleiz.com\/producto\/las-contempladoras#primaryimage\",\"url\":\"https:\/\/julietpomesleiz.com\/wp-content\/uploads\/2021\/04\/J_POMES_LEIZ_LAS_CONTEMPLADORAS.jpg\",\"contentUrl\":\"https:\/\/julietpomesleiz.com\/wp-content\/uploads\/2021\/04\/J_POMES_LEIZ_LAS_CONTEMPLADORAS.jpg\",\"width\":1400,\"height\":1050},{\"@type\":\"BreadcrumbList\",\"@id\":\"https:\/\/julietpomesleiz.com\/producto\/las-contempladoras#breadcrumb\",\"itemListElement\":[{\"@type\":\"ListItem\",\"position\":1,\"name\":\"Portada\",\"item\":\"https:\/\/julietpomesleiz.com\/\"},{\"@type\":\"ListItem\",\"position\":2,\"name\":\"Tienda\",\"item\":\"https:\/\/julietpomesleiz.com\/tienda\"},{\"@type\":\"ListItem\",\"position\":3,\"name\":\"Las contempladoras\"}]},{\"@type\":\"WebSite\",\"@id\":\"https:\/\/julietpomesleiz.com\/#website\",\"url\":\"https:\/\/julietpomesleiz.com\/\",\"name\":\"Juliet Pom\u00e9s Leiz\",\"description\":\"Through the shop\",\"potentialAction\":[{\"@type\":\"SearchAction\",\"target\":{\"@type\":\"EntryPoint\",\"urlTemplate\":\"https:\/\/julietpomesleiz.com\/?s={search_term_string}\"},\"query-input\":{\"@type\":\"PropertyValueSpecification\",\"valueRequired\":true,\"valueName\":\"search_term_string\"}}],\"inLanguage\":\"en-US\"}]}<\/script>\n<!-- \/ Yoast SEO plugin. -->","yoast_head_json":{"title":"Las contempladoras - Juliet Pom\u00e9s Leiz","robots":{"index":"index","follow":"follow","max-snippet":"max-snippet:-1","max-image-preview":"max-image-preview:large","max-video-preview":"max-video-preview:-1"},"canonical":"https:\/\/julietpomesleiz.com\/en\/product\/las-contempladoras\/","og_locale":"en_US","og_type":"article","og_title":"Las contempladoras - Juliet Pom\u00e9s Leiz","og_description":"30 x 40 cm  Impresi\u00f3n en gicl\u00e9e  Papel Canson Infinity Velin Museum Rag 315 g  Edici\u00f3n de 20 ejemplares numerados, certificados y firmados","og_url":"https:\/\/julietpomesleiz.com\/en\/product\/las-contempladoras\/","og_site_name":"Juliet Pom\u00e9s Leiz","article_modified_time":"2021-06-04T11:26:50+00:00","og_image":[{"width":1400,"height":1050,"url":"https:\/\/julietpomesleiz.com\/wp-content\/uploads\/2021\/04\/J_POMES_LEIZ_LAS_CONTEMPLADORAS.jpg","type":"image\/jpeg"}],"twitter_card":"summary_large_image","twitter_misc":{"Est. reading time":"1 minute"},"schema":{"@context":"https:\/\/schema.org","@graph":[{"@type":"WebPage","@id":"https:\/\/julietpomesleiz.com\/producto\/las-contempladoras","url":"https:\/\/julietpomesleiz.com\/producto\/las-contempladoras","name":"Las contempladoras - Juliet Pom\u00e9s Leiz","isPartOf":{"@id":"https:\/\/julietpomesleiz.com\/#website"},"primaryImageOfPage":{"@id":"https:\/\/julietpomesleiz.com\/producto\/las-contempladoras#primaryimage"},"image":{"@id":"https:\/\/julietpomesleiz.com\/producto\/las-contempladoras#primaryimage"},"thumbnailUrl":"https:\/\/julietpomesleiz.com\/wp-content\/uploads\/2021\/04\/J_POMES_LEIZ_LAS_CONTEMPLADORAS.jpg","datePublished":"2021-04-14T10:02:32+00:00","dateModified":"2021-06-04T11:26:50+00:00","breadcrumb":{"@id":"https:\/\/julietpomesleiz.com\/producto\/las-contempladoras#breadcrumb"},"inLanguage":"en-US","potentialAction":[{"@type":"ReadAction","target":["https:\/\/julietpomesleiz.com\/producto\/las-contempladoras"]}]},{"@type":"ImageObject","inLanguage":"en-US","@id":"https:\/\/julietpomesleiz.com\/producto\/las-contempladoras#primaryimage","url":"https:\/\/julietpomesleiz.com\/wp-content\/uploads\/2021\/04\/J_POMES_LEIZ_LAS_CONTEMPLADORAS.jpg","contentUrl":"https:\/\/julietpomesleiz.com\/wp-content\/uploads\/2021\/04\/J_POMES_LEIZ_LAS_CONTEMPLADORAS.jpg","width":1400,"height":1050},{"@type":"BreadcrumbList","@id":"https:\/\/julietpomesleiz.com\/producto\/las-contempladoras#breadcrumb","itemListElement":[{"@type":"ListItem","position":1,"name":"Portada","item":"https:\/\/julietpomesleiz.com\/"},{"@type":"ListItem","position":2,"name":"Tienda","item":"https:\/\/julietpomesleiz.com\/tienda"},{"@type":"ListItem","position":3,"name":"Las contempladoras"}]},{"@type":"WebSite","@id":"https:\/\/julietpomesleiz.com\/#website","url":"https:\/\/julietpomesleiz.com\/","name":"Juliet Pom\u00e9s Leiz","description":"Through the shop","potentialAction":[{"@type":"SearchAction","target":{"@type":"EntryPoint","urlTemplate":"https:\/\/julietpomesleiz.com\/?s={search_term_string}"},"query-input":{"@type":"PropertyValueSpecification","valueRequired":true,"valueName":"search_term_string"}}],"inLanguage":"en-US"}]}},"_links":{"self":[{"href":"https:\/\/julietpomesleiz.com\/en\/wp-json\/wp\/v2\/product\/228","targetHints":{"allow":["GET"]}}],"collection":[{"href":"https:\/\/julietpomesleiz.com\/en\/wp-json\/wp\/v2\/product"}],"about":[{"href":"https:\/\/julietpomesleiz.com\/en\/wp-json\/wp\/v2\/types\/product"}],"replies":[{"embeddable":true,"href":"https:\/\/julietpomesleiz.com\/en\/wp-json\/wp\/v2\/comments?post=228"}],"wp:featuredmedia":[{"embeddable":true,"href":"https:\/\/julietpomesleiz.com\/en\/wp-json\/wp\/v2\/media\/229"}],"wp:attachment":[{"href":"https:\/\/julietpomesleiz.com\/en\/wp-json\/wp\/v2\/media?parent=228"}],"wp:term":[{"taxonomy":"product_brand","embeddable":true,"href":"https:\/\/julietpomesleiz.com\/en\/wp-json\/wp\/v2\/product_brand?post=228"},{"taxonomy":"product_cat","embeddable":true,"href":"https:\/\/julietpomesleiz.com\/en\/wp-json\/wp\/v2\/product_cat?post=228"},{"taxonomy":"product_tag","embeddable":true,"href":"https:\/\/julietpomesleiz.com\/en\/wp-json\/wp\/v2\/product_tag?post=228"}],"curies":[{"name":"wp","href":"https:\/\/api.w.org\/{rel}","templated":true}]}}