{"id":222,"date":"2021-04-14T09:47:46","date_gmt":"2021-04-14T09:47:46","guid":{"rendered":"https:\/\/julietpomesleiz.com\/?post_type=product&#038;p=222"},"modified":"2021-11-01T09:26:12","modified_gmt":"2021-11-01T09:26:12","slug":"caminante-del-flash-copia","status":"publish","type":"product","link":"https:\/\/julietpomesleiz.com\/en\/product\/caminante-del-flash-copia","title":{"rendered":"Back to school"},"content":{"rendered":"<p><span style=\"font-weight: 400;\">It is part of Mostly Vernissages, the series that I started as a result of a stay in New York and my journey through its art galleries and museums in 2019.<\/span><\/p>\n<p>&nbsp;<\/p>\n<p><strong>About the Mostly Vernissages series<\/strong><\/p>\n<p><span style=\"font-weight: 400;\">It was winter and the visitors, most of them dark dressed, moved through those spaces of impressive dimensions that are the art galleries in New York, grouping themselves in black spots that I found very suggestive.\u00a0<\/span><\/p>\n<p><span style=\"font-weight: 400;\">These human amalgams were very useful to explore the omission and limits in drawing, which interests me the most at this moment.<\/span><\/p>\n<p><span style=\"font-weight: 400;\">I have continued looking for material for my drawings, and my sources are mostly Instagram stories or posts, generally reports of art exhibitions\u2019 openings.<\/span><\/p>\n<p><em>\u00a0<\/em><\/p>","protected":false},"excerpt":{"rendered":"<p><span style=\"font-weight: 400;\">30 x 21 cm<\/span><\/p>\n<p><span style=\"font-weight: 400;\">Gicl\u00e9e print\u00a0<\/span><\/p>\n<p><span style=\"font-weight: 400;\">Canson Infinity <\/span><span style=\"font-weight: 400;\">Velin Museum Rag paper 315 g\u00a0<\/span><\/p>\n<p>Edition of 40, each one numbered, certified and signed<\/p>\n<p>&nbsp;<\/p>\n<p>&nbsp;<\/p>","protected":false},"featured_media":223,"comment_status":"open","ping_status":"closed","template":"","meta":{"_acf_changed":false},"product_brand":[],"product_cat":[26,32],"product_tag":[],"class_list":{"0":"post-222","1":"product","2":"type-product","3":"status-publish","4":"has-post-thumbnail","6":"product_cat-art-gallery","7":"product_cat-edicion-limitada","9":"first","10":"instock","11":"shipping-taxable","12":"purchasable","13":"product-type-simple"},"acf":[],"yoast_head":"<!-- This site is optimized with the Yoast SEO plugin v26.2 - https:\/\/yoast.com\/wordpress\/plugins\/seo\/ -->\n<title>Back to school - Juliet Pom\u00e9s Leiz<\/title>\n<meta name=\"robots\" content=\"index, follow, max-snippet:-1, max-image-preview:large, max-video-preview:-1\" \/>\n<link rel=\"canonical\" href=\"https:\/\/julietpomesleiz.com\/en\/product\/caminante-del-flash-copia\/\" \/>\n<meta property=\"og:locale\" content=\"en_US\" \/>\n<meta property=\"og:type\" content=\"article\" \/>\n<meta property=\"og:title\" content=\"Back to school - Juliet Pom\u00e9s Leiz\" \/>\n<meta property=\"og:description\" content=\"30 x 21 cm  Impresi\u00f3n en gicl\u00e9e\u00a0  Papel Canson Infinity Velin Museum Rag 315 g\u00a0  Edici\u00f3n de 40 ejemplares numerados, certificados y firmados  &nbsp;  &nbsp;\" \/>\n<meta property=\"og:url\" content=\"https:\/\/julietpomesleiz.com\/en\/product\/caminante-del-flash-copia\/\" \/>\n<meta property=\"og:site_name\" content=\"Juliet Pom\u00e9s Leiz\" \/>\n<meta property=\"article:modified_time\" content=\"2021-11-01T09:26:12+00:00\" \/>\n<meta property=\"og:image\" content=\"https:\/\/julietpomesleiz.com\/wp-content\/uploads\/2021\/04\/J_POMES_LEIZ_BACK_TO_SCHOOL_VERNISSAGE.jpg\" \/>\n\t<meta property=\"og:image:width\" content=\"980\" \/>\n\t<meta property=\"og:image:height\" content=\"1400\" \/>\n\t<meta property=\"og:image:type\" content=\"image\/jpeg\" \/>\n<meta name=\"twitter:card\" content=\"summary_large_image\" \/>\n<meta name=\"twitter:label1\" content=\"Est. reading time\" \/>\n\t<meta name=\"twitter:data1\" content=\"1 minute\" \/>\n<script type=\"application\/ld+json\" class=\"yoast-schema-graph\">{\"@context\":\"https:\/\/schema.org\",\"@graph\":[{\"@type\":\"WebPage\",\"@id\":\"https:\/\/julietpomesleiz.com\/producto\/caminante-del-flash-copia\",\"url\":\"https:\/\/julietpomesleiz.com\/producto\/caminante-del-flash-copia\",\"name\":\"Back to school - Juliet Pom\u00e9s Leiz\",\"isPartOf\":{\"@id\":\"https:\/\/julietpomesleiz.com\/#website\"},\"primaryImageOfPage\":{\"@id\":\"https:\/\/julietpomesleiz.com\/producto\/caminante-del-flash-copia#primaryimage\"},\"image\":{\"@id\":\"https:\/\/julietpomesleiz.com\/producto\/caminante-del-flash-copia#primaryimage\"},\"thumbnailUrl\":\"https:\/\/julietpomesleiz.com\/wp-content\/uploads\/2021\/04\/J_POMES_LEIZ_BACK_TO_SCHOOL_VERNISSAGE.jpg\",\"datePublished\":\"2021-04-14T09:47:46+00:00\",\"dateModified\":\"2021-11-01T09:26:12+00:00\",\"breadcrumb\":{\"@id\":\"https:\/\/julietpomesleiz.com\/producto\/caminante-del-flash-copia#breadcrumb\"},\"inLanguage\":\"en-US\",\"potentialAction\":[{\"@type\":\"ReadAction\",\"target\":[\"https:\/\/julietpomesleiz.com\/producto\/caminante-del-flash-copia\"]}]},{\"@type\":\"ImageObject\",\"inLanguage\":\"en-US\",\"@id\":\"https:\/\/julietpomesleiz.com\/producto\/caminante-del-flash-copia#primaryimage\",\"url\":\"https:\/\/julietpomesleiz.com\/wp-content\/uploads\/2021\/04\/J_POMES_LEIZ_BACK_TO_SCHOOL_VERNISSAGE.jpg\",\"contentUrl\":\"https:\/\/julietpomesleiz.com\/wp-content\/uploads\/2021\/04\/J_POMES_LEIZ_BACK_TO_SCHOOL_VERNISSAGE.jpg\",\"width\":980,\"height\":1400},{\"@type\":\"BreadcrumbList\",\"@id\":\"https:\/\/julietpomesleiz.com\/producto\/caminante-del-flash-copia#breadcrumb\",\"itemListElement\":[{\"@type\":\"ListItem\",\"position\":1,\"name\":\"Portada\",\"item\":\"https:\/\/julietpomesleiz.com\/\"},{\"@type\":\"ListItem\",\"position\":2,\"name\":\"Tienda\",\"item\":\"https:\/\/julietpomesleiz.com\/tienda\"},{\"@type\":\"ListItem\",\"position\":3,\"name\":\"Back to school\"}]},{\"@type\":\"WebSite\",\"@id\":\"https:\/\/julietpomesleiz.com\/#website\",\"url\":\"https:\/\/julietpomesleiz.com\/\",\"name\":\"Juliet Pom\u00e9s Leiz\",\"description\":\"Through the shop\",\"potentialAction\":[{\"@type\":\"SearchAction\",\"target\":{\"@type\":\"EntryPoint\",\"urlTemplate\":\"https:\/\/julietpomesleiz.com\/?s={search_term_string}\"},\"query-input\":{\"@type\":\"PropertyValueSpecification\",\"valueRequired\":true,\"valueName\":\"search_term_string\"}}],\"inLanguage\":\"en-US\"}]}<\/script>\n<!-- \/ Yoast SEO plugin. -->","yoast_head_json":{"title":"Back to school - Juliet Pom\u00e9s Leiz","robots":{"index":"index","follow":"follow","max-snippet":"max-snippet:-1","max-image-preview":"max-image-preview:large","max-video-preview":"max-video-preview:-1"},"canonical":"https:\/\/julietpomesleiz.com\/en\/product\/caminante-del-flash-copia\/","og_locale":"en_US","og_type":"article","og_title":"Back to school - Juliet Pom\u00e9s Leiz","og_description":"30 x 21 cm  Impresi\u00f3n en gicl\u00e9e\u00a0  Papel Canson Infinity Velin Museum Rag 315 g\u00a0  Edici\u00f3n de 40 ejemplares numerados, certificados y firmados  &nbsp;  &nbsp;","og_url":"https:\/\/julietpomesleiz.com\/en\/product\/caminante-del-flash-copia\/","og_site_name":"Juliet Pom\u00e9s Leiz","article_modified_time":"2021-11-01T09:26:12+00:00","og_image":[{"width":980,"height":1400,"url":"https:\/\/julietpomesleiz.com\/wp-content\/uploads\/2021\/04\/J_POMES_LEIZ_BACK_TO_SCHOOL_VERNISSAGE.jpg","type":"image\/jpeg"}],"twitter_card":"summary_large_image","twitter_misc":{"Est. reading time":"1 minute"},"schema":{"@context":"https:\/\/schema.org","@graph":[{"@type":"WebPage","@id":"https:\/\/julietpomesleiz.com\/producto\/caminante-del-flash-copia","url":"https:\/\/julietpomesleiz.com\/producto\/caminante-del-flash-copia","name":"Back to school - Juliet Pom\u00e9s Leiz","isPartOf":{"@id":"https:\/\/julietpomesleiz.com\/#website"},"primaryImageOfPage":{"@id":"https:\/\/julietpomesleiz.com\/producto\/caminante-del-flash-copia#primaryimage"},"image":{"@id":"https:\/\/julietpomesleiz.com\/producto\/caminante-del-flash-copia#primaryimage"},"thumbnailUrl":"https:\/\/julietpomesleiz.com\/wp-content\/uploads\/2021\/04\/J_POMES_LEIZ_BACK_TO_SCHOOL_VERNISSAGE.jpg","datePublished":"2021-04-14T09:47:46+00:00","dateModified":"2021-11-01T09:26:12+00:00","breadcrumb":{"@id":"https:\/\/julietpomesleiz.com\/producto\/caminante-del-flash-copia#breadcrumb"},"inLanguage":"en-US","potentialAction":[{"@type":"ReadAction","target":["https:\/\/julietpomesleiz.com\/producto\/caminante-del-flash-copia"]}]},{"@type":"ImageObject","inLanguage":"en-US","@id":"https:\/\/julietpomesleiz.com\/producto\/caminante-del-flash-copia#primaryimage","url":"https:\/\/julietpomesleiz.com\/wp-content\/uploads\/2021\/04\/J_POMES_LEIZ_BACK_TO_SCHOOL_VERNISSAGE.jpg","contentUrl":"https:\/\/julietpomesleiz.com\/wp-content\/uploads\/2021\/04\/J_POMES_LEIZ_BACK_TO_SCHOOL_VERNISSAGE.jpg","width":980,"height":1400},{"@type":"BreadcrumbList","@id":"https:\/\/julietpomesleiz.com\/producto\/caminante-del-flash-copia#breadcrumb","itemListElement":[{"@type":"ListItem","position":1,"name":"Portada","item":"https:\/\/julietpomesleiz.com\/"},{"@type":"ListItem","position":2,"name":"Tienda","item":"https:\/\/julietpomesleiz.com\/tienda"},{"@type":"ListItem","position":3,"name":"Back to school"}]},{"@type":"WebSite","@id":"https:\/\/julietpomesleiz.com\/#website","url":"https:\/\/julietpomesleiz.com\/","name":"Juliet Pom\u00e9s Leiz","description":"Through the shop","potentialAction":[{"@type":"SearchAction","target":{"@type":"EntryPoint","urlTemplate":"https:\/\/julietpomesleiz.com\/?s={search_term_string}"},"query-input":{"@type":"PropertyValueSpecification","valueRequired":true,"valueName":"search_term_string"}}],"inLanguage":"en-US"}]}},"_links":{"self":[{"href":"https:\/\/julietpomesleiz.com\/en\/wp-json\/wp\/v2\/product\/222","targetHints":{"allow":["GET"]}}],"collection":[{"href":"https:\/\/julietpomesleiz.com\/en\/wp-json\/wp\/v2\/product"}],"about":[{"href":"https:\/\/julietpomesleiz.com\/en\/wp-json\/wp\/v2\/types\/product"}],"replies":[{"embeddable":true,"href":"https:\/\/julietpomesleiz.com\/en\/wp-json\/wp\/v2\/comments?post=222"}],"wp:featuredmedia":[{"embeddable":true,"href":"https:\/\/julietpomesleiz.com\/en\/wp-json\/wp\/v2\/media\/223"}],"wp:attachment":[{"href":"https:\/\/julietpomesleiz.com\/en\/wp-json\/wp\/v2\/media?parent=222"}],"wp:term":[{"taxonomy":"product_brand","embeddable":true,"href":"https:\/\/julietpomesleiz.com\/en\/wp-json\/wp\/v2\/product_brand?post=222"},{"taxonomy":"product_cat","embeddable":true,"href":"https:\/\/julietpomesleiz.com\/en\/wp-json\/wp\/v2\/product_cat?post=222"},{"taxonomy":"product_tag","embeddable":true,"href":"https:\/\/julietpomesleiz.com\/en\/wp-json\/wp\/v2\/product_tag?post=222"}],"curies":[{"name":"wp","href":"https:\/\/api.w.org\/{rel}","templated":true}]}}