{"id":220,"date":"2021-04-14T09:41:44","date_gmt":"2021-04-14T09:41:44","guid":{"rendered":"https:\/\/julietpomesleiz.com\/?post_type=product&#038;p=220"},"modified":"2024-07-16T10:15:45","modified_gmt":"2024-07-16T10:15:45","slug":"caminante-del-flash","status":"publish","type":"product","link":"https:\/\/julietpomesleiz.com\/en\/product\/caminante-del-flash","title":{"rendered":"Caminante del Flash"},"content":{"rendered":"<p><span style=\"font-weight: 400;\">In the line of <\/span><i><span style=\"font-weight: 400;\">Caminantes de Sloane<\/span><\/i><span style=\"font-weight: 400;\">, el origen de esta imagen fue tambi\u00e9n un trabajo de animaci\u00f3n. El juego posterior con los fotogramas dio como resultado esta composici\u00f3n est\u00e1tica que presento aqu\u00ed en impresi\u00f3n gicl\u00e9e.<\/span><\/p>\n<p><span style=\"font-weight: 400;\">In this case, the animation was a commission, one of the most exciting that I have received: that of the animated congratulations with which the emblematic Barcelona restaurant <\/span><i><span style=\"font-weight: 400;\">Flash Flash<\/span><\/i><span style=\"font-weight: 400;\"> compartir\u00eda la noticia de su 50\u00ba cumplea\u00f1os en las redes sociales. (Gr\u00e1fica del gif: @avalanchabarcelona)<\/span><\/p>","protected":false},"excerpt":{"rendered":"<p><span style=\"font-weight: 400;\">21 x 30 cm<\/span><\/p>\n<p><span style=\"font-weight: 400;\">Gicl\u00e9e print\u00a0<\/span><\/p>\n<p><span style=\"font-weight: 400;\">Canson Infinity <\/span><span style=\"font-weight: 400;\">Velin Museum Rag paper 315 g<\/span><\/p>\n<p><span style=\"font-weight: 400;\">Edition of 40, each one numbered, certified and signed<\/span><\/p>\n<p>&nbsp;<\/p>","protected":false},"featured_media":221,"comment_status":"open","ping_status":"closed","template":"","meta":{"_acf_changed":false},"product_brand":[],"product_cat":[26,32],"product_tag":[],"class_list":{"0":"post-220","1":"product","2":"type-product","3":"status-publish","4":"has-post-thumbnail","6":"product_cat-art-gallery","7":"product_cat-edicion-limitada","9":"first","10":"instock","11":"shipping-taxable","12":"purchasable","13":"product-type-simple"},"acf":[],"yoast_head":"<!-- This site is optimized with the Yoast SEO plugin v26.2 - https:\/\/yoast.com\/wordpress\/plugins\/seo\/ -->\n<title>Caminante del Flash - Juliet Pom\u00e9s Leiz<\/title>\n<meta name=\"robots\" content=\"index, follow, max-snippet:-1, max-image-preview:large, max-video-preview:-1\" \/>\n<link rel=\"canonical\" href=\"https:\/\/julietpomesleiz.com\/en\/product\/caminante-del-flash\/\" \/>\n<meta property=\"og:locale\" content=\"en_US\" \/>\n<meta property=\"og:type\" content=\"article\" \/>\n<meta property=\"og:title\" content=\"Caminante del Flash - Juliet Pom\u00e9s Leiz\" \/>\n<meta property=\"og:description\" content=\"21 x 30 cm  Impresi\u00f3n en gicl\u00e9e\u00a0  Papel Canson Infinity Velin Museum Rag 315g  Edici\u00f3n de 40 ejemplares numerados, certificados y firmados  &nbsp;\" \/>\n<meta property=\"og:url\" content=\"https:\/\/julietpomesleiz.com\/en\/product\/caminante-del-flash\/\" \/>\n<meta property=\"og:site_name\" content=\"Juliet Pom\u00e9s Leiz\" \/>\n<meta property=\"article:modified_time\" content=\"2024-07-16T10:15:45+00:00\" \/>\n<meta property=\"og:image\" content=\"https:\/\/julietpomesleiz.com\/wp-content\/uploads\/2021\/04\/J_Pomes_Caminante_Flash.jpg\" \/>\n\t<meta property=\"og:image:width\" content=\"1400\" \/>\n\t<meta property=\"og:image:height\" content=\"980\" \/>\n\t<meta property=\"og:image:type\" content=\"image\/jpeg\" \/>\n<meta name=\"twitter:card\" content=\"summary_large_image\" \/>\n<meta name=\"twitter:label1\" content=\"Est. reading time\" \/>\n\t<meta name=\"twitter:data1\" content=\"1 minute\" \/>\n<script type=\"application\/ld+json\" class=\"yoast-schema-graph\">{\"@context\":\"https:\/\/schema.org\",\"@graph\":[{\"@type\":\"WebPage\",\"@id\":\"https:\/\/julietpomesleiz.com\/producto\/caminante-del-flash\",\"url\":\"https:\/\/julietpomesleiz.com\/producto\/caminante-del-flash\",\"name\":\"Caminante del Flash - Juliet Pom\u00e9s Leiz\",\"isPartOf\":{\"@id\":\"https:\/\/julietpomesleiz.com\/#website\"},\"primaryImageOfPage\":{\"@id\":\"https:\/\/julietpomesleiz.com\/producto\/caminante-del-flash#primaryimage\"},\"image\":{\"@id\":\"https:\/\/julietpomesleiz.com\/producto\/caminante-del-flash#primaryimage\"},\"thumbnailUrl\":\"https:\/\/julietpomesleiz.com\/wp-content\/uploads\/2021\/04\/J_Pomes_Caminante_Flash.jpg\",\"datePublished\":\"2021-04-14T09:41:44+00:00\",\"dateModified\":\"2024-07-16T10:15:45+00:00\",\"breadcrumb\":{\"@id\":\"https:\/\/julietpomesleiz.com\/producto\/caminante-del-flash#breadcrumb\"},\"inLanguage\":\"en-US\",\"potentialAction\":[{\"@type\":\"ReadAction\",\"target\":[\"https:\/\/julietpomesleiz.com\/producto\/caminante-del-flash\"]}]},{\"@type\":\"ImageObject\",\"inLanguage\":\"en-US\",\"@id\":\"https:\/\/julietpomesleiz.com\/producto\/caminante-del-flash#primaryimage\",\"url\":\"https:\/\/julietpomesleiz.com\/wp-content\/uploads\/2021\/04\/J_Pomes_Caminante_Flash.jpg\",\"contentUrl\":\"https:\/\/julietpomesleiz.com\/wp-content\/uploads\/2021\/04\/J_Pomes_Caminante_Flash.jpg\",\"width\":1400,\"height\":980},{\"@type\":\"BreadcrumbList\",\"@id\":\"https:\/\/julietpomesleiz.com\/producto\/caminante-del-flash#breadcrumb\",\"itemListElement\":[{\"@type\":\"ListItem\",\"position\":1,\"name\":\"Portada\",\"item\":\"https:\/\/julietpomesleiz.com\/\"},{\"@type\":\"ListItem\",\"position\":2,\"name\":\"Tienda\",\"item\":\"https:\/\/julietpomesleiz.com\/tienda\"},{\"@type\":\"ListItem\",\"position\":3,\"name\":\"Caminante del Flash\"}]},{\"@type\":\"WebSite\",\"@id\":\"https:\/\/julietpomesleiz.com\/#website\",\"url\":\"https:\/\/julietpomesleiz.com\/\",\"name\":\"Juliet Pom\u00e9s Leiz\",\"description\":\"Through the shop\",\"potentialAction\":[{\"@type\":\"SearchAction\",\"target\":{\"@type\":\"EntryPoint\",\"urlTemplate\":\"https:\/\/julietpomesleiz.com\/?s={search_term_string}\"},\"query-input\":{\"@type\":\"PropertyValueSpecification\",\"valueRequired\":true,\"valueName\":\"search_term_string\"}}],\"inLanguage\":\"en-US\"}]}<\/script>\n<!-- \/ Yoast SEO plugin. -->","yoast_head_json":{"title":"Caminante del Flash - Juliet Pom\u00e9s Leiz","robots":{"index":"index","follow":"follow","max-snippet":"max-snippet:-1","max-image-preview":"max-image-preview:large","max-video-preview":"max-video-preview:-1"},"canonical":"https:\/\/julietpomesleiz.com\/en\/product\/caminante-del-flash\/","og_locale":"en_US","og_type":"article","og_title":"Caminante del Flash - Juliet Pom\u00e9s Leiz","og_description":"21 x 30 cm  Impresi\u00f3n en gicl\u00e9e\u00a0  Papel Canson Infinity Velin Museum Rag 315g  Edici\u00f3n de 40 ejemplares numerados, certificados y firmados  &nbsp;","og_url":"https:\/\/julietpomesleiz.com\/en\/product\/caminante-del-flash\/","og_site_name":"Juliet Pom\u00e9s Leiz","article_modified_time":"2024-07-16T10:15:45+00:00","og_image":[{"width":1400,"height":980,"url":"https:\/\/julietpomesleiz.com\/wp-content\/uploads\/2021\/04\/J_Pomes_Caminante_Flash.jpg","type":"image\/jpeg"}],"twitter_card":"summary_large_image","twitter_misc":{"Est. reading time":"1 minute"},"schema":{"@context":"https:\/\/schema.org","@graph":[{"@type":"WebPage","@id":"https:\/\/julietpomesleiz.com\/producto\/caminante-del-flash","url":"https:\/\/julietpomesleiz.com\/producto\/caminante-del-flash","name":"Caminante del Flash - Juliet Pom\u00e9s Leiz","isPartOf":{"@id":"https:\/\/julietpomesleiz.com\/#website"},"primaryImageOfPage":{"@id":"https:\/\/julietpomesleiz.com\/producto\/caminante-del-flash#primaryimage"},"image":{"@id":"https:\/\/julietpomesleiz.com\/producto\/caminante-del-flash#primaryimage"},"thumbnailUrl":"https:\/\/julietpomesleiz.com\/wp-content\/uploads\/2021\/04\/J_Pomes_Caminante_Flash.jpg","datePublished":"2021-04-14T09:41:44+00:00","dateModified":"2024-07-16T10:15:45+00:00","breadcrumb":{"@id":"https:\/\/julietpomesleiz.com\/producto\/caminante-del-flash#breadcrumb"},"inLanguage":"en-US","potentialAction":[{"@type":"ReadAction","target":["https:\/\/julietpomesleiz.com\/producto\/caminante-del-flash"]}]},{"@type":"ImageObject","inLanguage":"en-US","@id":"https:\/\/julietpomesleiz.com\/producto\/caminante-del-flash#primaryimage","url":"https:\/\/julietpomesleiz.com\/wp-content\/uploads\/2021\/04\/J_Pomes_Caminante_Flash.jpg","contentUrl":"https:\/\/julietpomesleiz.com\/wp-content\/uploads\/2021\/04\/J_Pomes_Caminante_Flash.jpg","width":1400,"height":980},{"@type":"BreadcrumbList","@id":"https:\/\/julietpomesleiz.com\/producto\/caminante-del-flash#breadcrumb","itemListElement":[{"@type":"ListItem","position":1,"name":"Portada","item":"https:\/\/julietpomesleiz.com\/"},{"@type":"ListItem","position":2,"name":"Tienda","item":"https:\/\/julietpomesleiz.com\/tienda"},{"@type":"ListItem","position":3,"name":"Caminante del Flash"}]},{"@type":"WebSite","@id":"https:\/\/julietpomesleiz.com\/#website","url":"https:\/\/julietpomesleiz.com\/","name":"Juliet Pom\u00e9s Leiz","description":"Through the shop","potentialAction":[{"@type":"SearchAction","target":{"@type":"EntryPoint","urlTemplate":"https:\/\/julietpomesleiz.com\/?s={search_term_string}"},"query-input":{"@type":"PropertyValueSpecification","valueRequired":true,"valueName":"search_term_string"}}],"inLanguage":"en-US"}]}},"_links":{"self":[{"href":"https:\/\/julietpomesleiz.com\/en\/wp-json\/wp\/v2\/product\/220","targetHints":{"allow":["GET"]}}],"collection":[{"href":"https:\/\/julietpomesleiz.com\/en\/wp-json\/wp\/v2\/product"}],"about":[{"href":"https:\/\/julietpomesleiz.com\/en\/wp-json\/wp\/v2\/types\/product"}],"replies":[{"embeddable":true,"href":"https:\/\/julietpomesleiz.com\/en\/wp-json\/wp\/v2\/comments?post=220"}],"wp:featuredmedia":[{"embeddable":true,"href":"https:\/\/julietpomesleiz.com\/en\/wp-json\/wp\/v2\/media\/221"}],"wp:attachment":[{"href":"https:\/\/julietpomesleiz.com\/en\/wp-json\/wp\/v2\/media?parent=220"}],"wp:term":[{"taxonomy":"product_brand","embeddable":true,"href":"https:\/\/julietpomesleiz.com\/en\/wp-json\/wp\/v2\/product_brand?post=220"},{"taxonomy":"product_cat","embeddable":true,"href":"https:\/\/julietpomesleiz.com\/en\/wp-json\/wp\/v2\/product_cat?post=220"},{"taxonomy":"product_tag","embeddable":true,"href":"https:\/\/julietpomesleiz.com\/en\/wp-json\/wp\/v2\/product_tag?post=220"}],"curies":[{"name":"wp","href":"https:\/\/api.w.org\/{rel}","templated":true}]}}