{"id":218,"date":"2021-04-14T09:37:22","date_gmt":"2021-04-14T09:37:22","guid":{"rendered":"https:\/\/julietpomesleiz.com\/?post_type=product&#038;p=218"},"modified":"2021-05-30T18:48:31","modified_gmt":"2021-05-30T18:48:31","slug":"cruzadas","status":"publish","type":"product","link":"https:\/\/julietpomesleiz.com\/en\/product\/cruzadas","title":{"rendered":"Cruzadas"},"content":{"rendered":"<p>It is one of the images that emerged from Caminantes de Sloane, a series linked to my discovery of animation.<\/p>\n<p><strong>About the Caminantes de Sloane series<\/strong><\/p>\n<p>El d\u00eda que comprob\u00e9 que bastaban tan s\u00f3lo ocho dibujos puestos en bucle para crear la ilusi\u00f3n del paso humano, ca\u00ed rendida a esa magia. A partir de ah\u00ed y durante un tiempo, me dediqu\u00e9 insistentemente a hacer gifs de diferentes personas caminando sin fin.<br \/>\nLuego aspir\u00e9 a un poco m\u00e1s y me atrev\u00ed con una escena coral. Para ello me bas\u00e9 en un instante de plena rush hour londinense en el que tres mujeres muy distintas cruzan sus caminos. Aqu\u00ed la cosa se complic\u00f3 un poco. Ya no bastaban ni ocho ni 24 dibujos, sino que fueron necesarios 80. Y todo ello para obtener Caminantes de Sloane, un gif de tan solo siete segundos&#8230;<br \/>\nCuando me hube recuperado del susto, descubr\u00ed emocionada que la \u201cpel\u00edcula\u201d me hab\u00eda dejado sin embargo un regalo sorpresa: un mont\u00f3n de fotogramas esper\u00e1ndome para empezar un nuevo juego. Me dediqu\u00e9 a superponerlos, encuadrarlos y combinarlos digitalmente y de all\u00ed surgi\u00f3 una nueva obra, ahora est\u00e1tica.<br \/>\nThis is how the gouache drawings, originally intended to be just frames, ended up forming the various compositions in this series of gicl\u00e9es.<\/p>\n<p>&nbsp;<\/p>","protected":false},"excerpt":{"rendered":"<p>Gicl\u00e9e print<\/p>\n<p>Papel Canson Infinity Velin Museum Rag<\/p>\n<p>315 gr<\/p>\n<p>30 x 21 cm<\/p>\n<p>Edition of 40, each one numbered, certified and signed<\/p>","protected":false},"featured_media":219,"comment_status":"open","ping_status":"closed","template":"","meta":{"_acf_changed":false},"product_brand":[],"product_cat":[26,32],"product_tag":[],"class_list":{"0":"post-218","1":"product","2":"type-product","3":"status-publish","4":"has-post-thumbnail","6":"product_cat-art-gallery","7":"product_cat-edicion-limitada","9":"first","10":"instock","11":"shipping-taxable","12":"purchasable","13":"product-type-simple"},"acf":[],"yoast_head":"<!-- This site is optimized with the Yoast SEO plugin v26.2 - https:\/\/yoast.com\/wordpress\/plugins\/seo\/ -->\n<title>Cruzadas - Juliet Pom\u00e9s Leiz<\/title>\n<meta name=\"robots\" content=\"index, follow, max-snippet:-1, max-image-preview:large, max-video-preview:-1\" \/>\n<link rel=\"canonical\" href=\"https:\/\/julietpomesleiz.com\/en\/product\/cruzadas\/\" \/>\n<meta property=\"og:locale\" content=\"en_US\" \/>\n<meta property=\"og:type\" content=\"article\" \/>\n<meta property=\"og:title\" content=\"Cruzadas - Juliet Pom\u00e9s Leiz\" \/>\n<meta property=\"og:description\" content=\"Impresi\u00f3n en gicl\u00e9e  Papel Canson Infinity Velin Museum Rag  315 gr  30 x 21 cm  Edici\u00f3n de 40 ejemplares numerados, certificados y firmados\" \/>\n<meta property=\"og:url\" content=\"https:\/\/julietpomesleiz.com\/en\/product\/cruzadas\/\" \/>\n<meta property=\"og:site_name\" content=\"Juliet Pom\u00e9s Leiz\" \/>\n<meta property=\"article:modified_time\" content=\"2021-05-30T18:48:31+00:00\" \/>\n<meta property=\"og:image\" content=\"https:\/\/julietpomesleiz.com\/wp-content\/uploads\/2021\/04\/J_POMES_LEIZ_CRUZADAS.jpg\" \/>\n\t<meta property=\"og:image:width\" content=\"990\" \/>\n\t<meta property=\"og:image:height\" content=\"1400\" \/>\n\t<meta property=\"og:image:type\" content=\"image\/jpeg\" \/>\n<meta name=\"twitter:card\" content=\"summary_large_image\" \/>\n<meta name=\"twitter:label1\" content=\"Est. reading time\" \/>\n\t<meta name=\"twitter:data1\" content=\"1 minute\" \/>\n<script type=\"application\/ld+json\" class=\"yoast-schema-graph\">{\"@context\":\"https:\/\/schema.org\",\"@graph\":[{\"@type\":\"WebPage\",\"@id\":\"https:\/\/julietpomesleiz.com\/producto\/cruzadas\",\"url\":\"https:\/\/julietpomesleiz.com\/producto\/cruzadas\",\"name\":\"Cruzadas - Juliet Pom\u00e9s Leiz\",\"isPartOf\":{\"@id\":\"https:\/\/julietpomesleiz.com\/#website\"},\"primaryImageOfPage\":{\"@id\":\"https:\/\/julietpomesleiz.com\/producto\/cruzadas#primaryimage\"},\"image\":{\"@id\":\"https:\/\/julietpomesleiz.com\/producto\/cruzadas#primaryimage\"},\"thumbnailUrl\":\"https:\/\/julietpomesleiz.com\/wp-content\/uploads\/2021\/04\/J_POMES_LEIZ_CRUZADAS.jpg\",\"datePublished\":\"2021-04-14T09:37:22+00:00\",\"dateModified\":\"2021-05-30T18:48:31+00:00\",\"breadcrumb\":{\"@id\":\"https:\/\/julietpomesleiz.com\/producto\/cruzadas#breadcrumb\"},\"inLanguage\":\"en-US\",\"potentialAction\":[{\"@type\":\"ReadAction\",\"target\":[\"https:\/\/julietpomesleiz.com\/producto\/cruzadas\"]}]},{\"@type\":\"ImageObject\",\"inLanguage\":\"en-US\",\"@id\":\"https:\/\/julietpomesleiz.com\/producto\/cruzadas#primaryimage\",\"url\":\"https:\/\/julietpomesleiz.com\/wp-content\/uploads\/2021\/04\/J_POMES_LEIZ_CRUZADAS.jpg\",\"contentUrl\":\"https:\/\/julietpomesleiz.com\/wp-content\/uploads\/2021\/04\/J_POMES_LEIZ_CRUZADAS.jpg\",\"width\":990,\"height\":1400},{\"@type\":\"BreadcrumbList\",\"@id\":\"https:\/\/julietpomesleiz.com\/producto\/cruzadas#breadcrumb\",\"itemListElement\":[{\"@type\":\"ListItem\",\"position\":1,\"name\":\"Portada\",\"item\":\"https:\/\/julietpomesleiz.com\/\"},{\"@type\":\"ListItem\",\"position\":2,\"name\":\"Tienda\",\"item\":\"https:\/\/julietpomesleiz.com\/tienda\"},{\"@type\":\"ListItem\",\"position\":3,\"name\":\"Cruzadas\"}]},{\"@type\":\"WebSite\",\"@id\":\"https:\/\/julietpomesleiz.com\/#website\",\"url\":\"https:\/\/julietpomesleiz.com\/\",\"name\":\"Juliet Pom\u00e9s Leiz\",\"description\":\"Through the shop\",\"potentialAction\":[{\"@type\":\"SearchAction\",\"target\":{\"@type\":\"EntryPoint\",\"urlTemplate\":\"https:\/\/julietpomesleiz.com\/?s={search_term_string}\"},\"query-input\":{\"@type\":\"PropertyValueSpecification\",\"valueRequired\":true,\"valueName\":\"search_term_string\"}}],\"inLanguage\":\"en-US\"}]}<\/script>\n<!-- \/ Yoast SEO plugin. -->","yoast_head_json":{"title":"Cruzadas - Juliet Pom\u00e9s Leiz","robots":{"index":"index","follow":"follow","max-snippet":"max-snippet:-1","max-image-preview":"max-image-preview:large","max-video-preview":"max-video-preview:-1"},"canonical":"https:\/\/julietpomesleiz.com\/en\/product\/cruzadas\/","og_locale":"en_US","og_type":"article","og_title":"Cruzadas - Juliet Pom\u00e9s Leiz","og_description":"Impresi\u00f3n en gicl\u00e9e  Papel Canson Infinity Velin Museum Rag  315 gr  30 x 21 cm  Edici\u00f3n de 40 ejemplares numerados, certificados y firmados","og_url":"https:\/\/julietpomesleiz.com\/en\/product\/cruzadas\/","og_site_name":"Juliet Pom\u00e9s Leiz","article_modified_time":"2021-05-30T18:48:31+00:00","og_image":[{"width":990,"height":1400,"url":"https:\/\/julietpomesleiz.com\/wp-content\/uploads\/2021\/04\/J_POMES_LEIZ_CRUZADAS.jpg","type":"image\/jpeg"}],"twitter_card":"summary_large_image","twitter_misc":{"Est. reading time":"1 minute"},"schema":{"@context":"https:\/\/schema.org","@graph":[{"@type":"WebPage","@id":"https:\/\/julietpomesleiz.com\/producto\/cruzadas","url":"https:\/\/julietpomesleiz.com\/producto\/cruzadas","name":"Cruzadas - Juliet Pom\u00e9s Leiz","isPartOf":{"@id":"https:\/\/julietpomesleiz.com\/#website"},"primaryImageOfPage":{"@id":"https:\/\/julietpomesleiz.com\/producto\/cruzadas#primaryimage"},"image":{"@id":"https:\/\/julietpomesleiz.com\/producto\/cruzadas#primaryimage"},"thumbnailUrl":"https:\/\/julietpomesleiz.com\/wp-content\/uploads\/2021\/04\/J_POMES_LEIZ_CRUZADAS.jpg","datePublished":"2021-04-14T09:37:22+00:00","dateModified":"2021-05-30T18:48:31+00:00","breadcrumb":{"@id":"https:\/\/julietpomesleiz.com\/producto\/cruzadas#breadcrumb"},"inLanguage":"en-US","potentialAction":[{"@type":"ReadAction","target":["https:\/\/julietpomesleiz.com\/producto\/cruzadas"]}]},{"@type":"ImageObject","inLanguage":"en-US","@id":"https:\/\/julietpomesleiz.com\/producto\/cruzadas#primaryimage","url":"https:\/\/julietpomesleiz.com\/wp-content\/uploads\/2021\/04\/J_POMES_LEIZ_CRUZADAS.jpg","contentUrl":"https:\/\/julietpomesleiz.com\/wp-content\/uploads\/2021\/04\/J_POMES_LEIZ_CRUZADAS.jpg","width":990,"height":1400},{"@type":"BreadcrumbList","@id":"https:\/\/julietpomesleiz.com\/producto\/cruzadas#breadcrumb","itemListElement":[{"@type":"ListItem","position":1,"name":"Portada","item":"https:\/\/julietpomesleiz.com\/"},{"@type":"ListItem","position":2,"name":"Tienda","item":"https:\/\/julietpomesleiz.com\/tienda"},{"@type":"ListItem","position":3,"name":"Cruzadas"}]},{"@type":"WebSite","@id":"https:\/\/julietpomesleiz.com\/#website","url":"https:\/\/julietpomesleiz.com\/","name":"Juliet Pom\u00e9s Leiz","description":"Through the shop","potentialAction":[{"@type":"SearchAction","target":{"@type":"EntryPoint","urlTemplate":"https:\/\/julietpomesleiz.com\/?s={search_term_string}"},"query-input":{"@type":"PropertyValueSpecification","valueRequired":true,"valueName":"search_term_string"}}],"inLanguage":"en-US"}]}},"_links":{"self":[{"href":"https:\/\/julietpomesleiz.com\/en\/wp-json\/wp\/v2\/product\/218","targetHints":{"allow":["GET"]}}],"collection":[{"href":"https:\/\/julietpomesleiz.com\/en\/wp-json\/wp\/v2\/product"}],"about":[{"href":"https:\/\/julietpomesleiz.com\/en\/wp-json\/wp\/v2\/types\/product"}],"replies":[{"embeddable":true,"href":"https:\/\/julietpomesleiz.com\/en\/wp-json\/wp\/v2\/comments?post=218"}],"wp:featuredmedia":[{"embeddable":true,"href":"https:\/\/julietpomesleiz.com\/en\/wp-json\/wp\/v2\/media\/219"}],"wp:attachment":[{"href":"https:\/\/julietpomesleiz.com\/en\/wp-json\/wp\/v2\/media?parent=218"}],"wp:term":[{"taxonomy":"product_brand","embeddable":true,"href":"https:\/\/julietpomesleiz.com\/en\/wp-json\/wp\/v2\/product_brand?post=218"},{"taxonomy":"product_cat","embeddable":true,"href":"https:\/\/julietpomesleiz.com\/en\/wp-json\/wp\/v2\/product_cat?post=218"},{"taxonomy":"product_tag","embeddable":true,"href":"https:\/\/julietpomesleiz.com\/en\/wp-json\/wp\/v2\/product_tag?post=218"}],"curies":[{"name":"wp","href":"https:\/\/api.w.org\/{rel}","templated":true}]}}