{"id":141,"date":"2021-03-19T16:33:07","date_gmt":"2021-03-19T16:33:07","guid":{"rendered":"https:\/\/julietpomesleiz.com\/?post_type=product&#038;p=141"},"modified":"2021-05-30T18:26:03","modified_gmt":"2021-05-30T18:26:03","slug":"grupo-negro","status":"publish","type":"product","link":"https:\/\/julietpomesleiz.com\/en\/product\/grupo-negro","title":{"rendered":"Grupo negro"},"content":{"rendered":"<p><span style=\"font-weight: 400;\">It is one of the images that emerged from <\/span><span style=\"font-weight: 400;\">Caminantes de Sloane<\/span><span style=\"font-weight: 400;\">, a series linked to my discovery of animation.\u00a0<\/span><\/p>\n<p>&nbsp;<\/p>\n<p><strong>About the Caminantes de Sloane series<\/strong><\/p>\n<p><span style=\"font-weight: 400;\">The day I found that only eight looped drawings were enough to create the illusion of the human step, I fell for that magic. From there and for a while, I couldn\u2019t stop making gifs of different people walking endlessly.\nThen I aspired to a little more and dared with a choral scene. For this I based myself on a moment in the middle of the <\/span><span style=\"font-weight: 400;\">London<\/span><span style=\"font-weight: 400;\"> rush hour in which three very different women cross their paths. Here things got a bit complicated. Eight or 24 pictures were no longer enough: 80 were needed. And all this to obtain <\/span><span style=\"font-weight: 400;\">Caminantes de Sloane<\/span><span style=\"font-weight: 400;\">, a motion picture that was fine\u2026but lasted only seven seconds.<\/span><\/p>\n<p><span style=\"font-weight: 400;\">When I had recovered a bit from this disappointment, I discovered excited that the piece had nevertheless left me a surprise gift: a lot of frames waiting for me to start a new game. I dedicated myself to superimposing, framing and combining them digitally and from there a new work emerged, now static.\u00a0<\/span><\/p>\n<p><span style=\"font-weight: 400;\">This is how the gouache drawings, originally intended to be just frames, ended up forming the various compositions in this series of gicl\u00e9es.<\/span><\/p>\n<p>&nbsp;<\/p>","protected":false},"excerpt":{"rendered":"<p><span style=\"font-weight: 400;\">21 x 30 cm<\/span><\/p>\n<p><span style=\"font-weight: 400;\">Gicl\u00e9e print\u00a0<\/span><\/p>\n<p><span style=\"font-weight: 400;\">Canson Infinity <\/span><span style=\"font-weight: 400;\">Velin Museum Rag paper 315 g\u00a0<\/span><\/p>\n<p><span style=\"font-weight: 400;\">Edition of 40, each one numbered, certified and signed<\/span><\/p>\n<p>&nbsp;<\/p>","protected":false},"featured_media":112,"comment_status":"open","ping_status":"closed","template":"","meta":{"_acf_changed":false},"product_brand":[],"product_cat":[26,32],"product_tag":[],"class_list":{"0":"post-141","1":"product","2":"type-product","3":"status-publish","4":"has-post-thumbnail","6":"product_cat-art-gallery","7":"product_cat-edicion-limitada","9":"first","10":"instock","11":"shipping-taxable","12":"purchasable","13":"product-type-simple"},"acf":[],"yoast_head":"<!-- This site is optimized with the Yoast SEO plugin v26.2 - https:\/\/yoast.com\/wordpress\/plugins\/seo\/ -->\n<title>Grupo negro - Juliet Pom\u00e9s Leiz<\/title>\n<meta name=\"robots\" content=\"index, follow, max-snippet:-1, max-image-preview:large, max-video-preview:-1\" \/>\n<link rel=\"canonical\" href=\"https:\/\/julietpomesleiz.com\/en\/product\/grupo-negro\/\" \/>\n<meta property=\"og:locale\" content=\"en_US\" \/>\n<meta property=\"og:type\" content=\"article\" \/>\n<meta property=\"og:title\" content=\"Grupo negro - Juliet Pom\u00e9s Leiz\" \/>\n<meta property=\"og:description\" content=\"21 x 30 cm  Impresi\u00f3n en gicl\u00e9e\u00a0  Papel Canson Infinity Velin Museum Rag 315 g\u00a0  Edici\u00f3n de 40 ejemplares numerados, certificados y firmados  &nbsp;\" \/>\n<meta property=\"og:url\" content=\"https:\/\/julietpomesleiz.com\/en\/product\/grupo-negro\/\" \/>\n<meta property=\"og:site_name\" content=\"Juliet Pom\u00e9s Leiz\" \/>\n<meta property=\"article:modified_time\" content=\"2021-05-30T18:26:03+00:00\" \/>\n<meta property=\"og:image\" content=\"https:\/\/julietpomesleiz.com\/wp-content\/uploads\/2021\/03\/J_POMES_LEIZ_GRUPO_NEGRO.jpg\" \/>\n\t<meta property=\"og:image:width\" content=\"1400\" \/>\n\t<meta property=\"og:image:height\" content=\"990\" \/>\n\t<meta property=\"og:image:type\" content=\"image\/jpeg\" \/>\n<meta name=\"twitter:card\" content=\"summary_large_image\" \/>\n<meta name=\"twitter:label1\" content=\"Est. reading time\" \/>\n\t<meta name=\"twitter:data1\" content=\"1 minute\" \/>\n<script type=\"application\/ld+json\" class=\"yoast-schema-graph\">{\"@context\":\"https:\/\/schema.org\",\"@graph\":[{\"@type\":\"WebPage\",\"@id\":\"https:\/\/julietpomesleiz.com\/producto\/grupo-negro\",\"url\":\"https:\/\/julietpomesleiz.com\/producto\/grupo-negro\",\"name\":\"Grupo negro - Juliet Pom\u00e9s Leiz\",\"isPartOf\":{\"@id\":\"https:\/\/julietpomesleiz.com\/#website\"},\"primaryImageOfPage\":{\"@id\":\"https:\/\/julietpomesleiz.com\/producto\/grupo-negro#primaryimage\"},\"image\":{\"@id\":\"https:\/\/julietpomesleiz.com\/producto\/grupo-negro#primaryimage\"},\"thumbnailUrl\":\"https:\/\/julietpomesleiz.com\/wp-content\/uploads\/2021\/03\/J_POMES_LEIZ_GRUPO_NEGRO.jpg\",\"datePublished\":\"2021-03-19T16:33:07+00:00\",\"dateModified\":\"2021-05-30T18:26:03+00:00\",\"breadcrumb\":{\"@id\":\"https:\/\/julietpomesleiz.com\/producto\/grupo-negro#breadcrumb\"},\"inLanguage\":\"en-US\",\"potentialAction\":[{\"@type\":\"ReadAction\",\"target\":[\"https:\/\/julietpomesleiz.com\/producto\/grupo-negro\"]}]},{\"@type\":\"ImageObject\",\"inLanguage\":\"en-US\",\"@id\":\"https:\/\/julietpomesleiz.com\/producto\/grupo-negro#primaryimage\",\"url\":\"https:\/\/julietpomesleiz.com\/wp-content\/uploads\/2021\/03\/J_POMES_LEIZ_GRUPO_NEGRO.jpg\",\"contentUrl\":\"https:\/\/julietpomesleiz.com\/wp-content\/uploads\/2021\/03\/J_POMES_LEIZ_GRUPO_NEGRO.jpg\",\"width\":1400,\"height\":990},{\"@type\":\"BreadcrumbList\",\"@id\":\"https:\/\/julietpomesleiz.com\/producto\/grupo-negro#breadcrumb\",\"itemListElement\":[{\"@type\":\"ListItem\",\"position\":1,\"name\":\"Portada\",\"item\":\"https:\/\/julietpomesleiz.com\/\"},{\"@type\":\"ListItem\",\"position\":2,\"name\":\"Tienda\",\"item\":\"https:\/\/julietpomesleiz.com\/tienda\"},{\"@type\":\"ListItem\",\"position\":3,\"name\":\"Grupo negro\"}]},{\"@type\":\"WebSite\",\"@id\":\"https:\/\/julietpomesleiz.com\/#website\",\"url\":\"https:\/\/julietpomesleiz.com\/\",\"name\":\"Juliet Pom\u00e9s Leiz\",\"description\":\"Through the shop\",\"potentialAction\":[{\"@type\":\"SearchAction\",\"target\":{\"@type\":\"EntryPoint\",\"urlTemplate\":\"https:\/\/julietpomesleiz.com\/?s={search_term_string}\"},\"query-input\":{\"@type\":\"PropertyValueSpecification\",\"valueRequired\":true,\"valueName\":\"search_term_string\"}}],\"inLanguage\":\"en-US\"}]}<\/script>\n<!-- \/ Yoast SEO plugin. -->","yoast_head_json":{"title":"Grupo negro - Juliet Pom\u00e9s Leiz","robots":{"index":"index","follow":"follow","max-snippet":"max-snippet:-1","max-image-preview":"max-image-preview:large","max-video-preview":"max-video-preview:-1"},"canonical":"https:\/\/julietpomesleiz.com\/en\/product\/grupo-negro\/","og_locale":"en_US","og_type":"article","og_title":"Grupo negro - Juliet Pom\u00e9s Leiz","og_description":"21 x 30 cm  Impresi\u00f3n en gicl\u00e9e\u00a0  Papel Canson Infinity Velin Museum Rag 315 g\u00a0  Edici\u00f3n de 40 ejemplares numerados, certificados y firmados  &nbsp;","og_url":"https:\/\/julietpomesleiz.com\/en\/product\/grupo-negro\/","og_site_name":"Juliet Pom\u00e9s Leiz","article_modified_time":"2021-05-30T18:26:03+00:00","og_image":[{"width":1400,"height":990,"url":"https:\/\/julietpomesleiz.com\/wp-content\/uploads\/2021\/03\/J_POMES_LEIZ_GRUPO_NEGRO.jpg","type":"image\/jpeg"}],"twitter_card":"summary_large_image","twitter_misc":{"Est. reading time":"1 minute"},"schema":{"@context":"https:\/\/schema.org","@graph":[{"@type":"WebPage","@id":"https:\/\/julietpomesleiz.com\/producto\/grupo-negro","url":"https:\/\/julietpomesleiz.com\/producto\/grupo-negro","name":"Grupo negro - Juliet Pom\u00e9s Leiz","isPartOf":{"@id":"https:\/\/julietpomesleiz.com\/#website"},"primaryImageOfPage":{"@id":"https:\/\/julietpomesleiz.com\/producto\/grupo-negro#primaryimage"},"image":{"@id":"https:\/\/julietpomesleiz.com\/producto\/grupo-negro#primaryimage"},"thumbnailUrl":"https:\/\/julietpomesleiz.com\/wp-content\/uploads\/2021\/03\/J_POMES_LEIZ_GRUPO_NEGRO.jpg","datePublished":"2021-03-19T16:33:07+00:00","dateModified":"2021-05-30T18:26:03+00:00","breadcrumb":{"@id":"https:\/\/julietpomesleiz.com\/producto\/grupo-negro#breadcrumb"},"inLanguage":"en-US","potentialAction":[{"@type":"ReadAction","target":["https:\/\/julietpomesleiz.com\/producto\/grupo-negro"]}]},{"@type":"ImageObject","inLanguage":"en-US","@id":"https:\/\/julietpomesleiz.com\/producto\/grupo-negro#primaryimage","url":"https:\/\/julietpomesleiz.com\/wp-content\/uploads\/2021\/03\/J_POMES_LEIZ_GRUPO_NEGRO.jpg","contentUrl":"https:\/\/julietpomesleiz.com\/wp-content\/uploads\/2021\/03\/J_POMES_LEIZ_GRUPO_NEGRO.jpg","width":1400,"height":990},{"@type":"BreadcrumbList","@id":"https:\/\/julietpomesleiz.com\/producto\/grupo-negro#breadcrumb","itemListElement":[{"@type":"ListItem","position":1,"name":"Portada","item":"https:\/\/julietpomesleiz.com\/"},{"@type":"ListItem","position":2,"name":"Tienda","item":"https:\/\/julietpomesleiz.com\/tienda"},{"@type":"ListItem","position":3,"name":"Grupo negro"}]},{"@type":"WebSite","@id":"https:\/\/julietpomesleiz.com\/#website","url":"https:\/\/julietpomesleiz.com\/","name":"Juliet Pom\u00e9s Leiz","description":"Through the shop","potentialAction":[{"@type":"SearchAction","target":{"@type":"EntryPoint","urlTemplate":"https:\/\/julietpomesleiz.com\/?s={search_term_string}"},"query-input":{"@type":"PropertyValueSpecification","valueRequired":true,"valueName":"search_term_string"}}],"inLanguage":"en-US"}]}},"_links":{"self":[{"href":"https:\/\/julietpomesleiz.com\/en\/wp-json\/wp\/v2\/product\/141","targetHints":{"allow":["GET"]}}],"collection":[{"href":"https:\/\/julietpomesleiz.com\/en\/wp-json\/wp\/v2\/product"}],"about":[{"href":"https:\/\/julietpomesleiz.com\/en\/wp-json\/wp\/v2\/types\/product"}],"replies":[{"embeddable":true,"href":"https:\/\/julietpomesleiz.com\/en\/wp-json\/wp\/v2\/comments?post=141"}],"wp:featuredmedia":[{"embeddable":true,"href":"https:\/\/julietpomesleiz.com\/en\/wp-json\/wp\/v2\/media\/112"}],"wp:attachment":[{"href":"https:\/\/julietpomesleiz.com\/en\/wp-json\/wp\/v2\/media?parent=141"}],"wp:term":[{"taxonomy":"product_brand","embeddable":true,"href":"https:\/\/julietpomesleiz.com\/en\/wp-json\/wp\/v2\/product_brand?post=141"},{"taxonomy":"product_cat","embeddable":true,"href":"https:\/\/julietpomesleiz.com\/en\/wp-json\/wp\/v2\/product_cat?post=141"},{"taxonomy":"product_tag","embeddable":true,"href":"https:\/\/julietpomesleiz.com\/en\/wp-json\/wp\/v2\/product_tag?post=141"}],"curies":[{"name":"wp","href":"https:\/\/api.w.org\/{rel}","templated":true}]}}