{"id":92,"date":"2021-03-18T20:09:54","date_gmt":"2021-03-18T20:09:54","guid":{"rendered":"https:\/\/julietpomesleiz.com\/?page_id=92"},"modified":"2021-05-30T11:03:58","modified_gmt":"2021-05-30T11:03:58","slug":"terminos-y-condiciones","status":"publish","type":"page","link":"https:\/\/julietpomesleiz.com\/en\/terminos-y-condiciones","title":{"rendered":"Terms &amp; Conditions"},"content":{"rendered":"<p>Shipments can be tracked through a tracking number provided by the transport company.<\/p>\n<p>Shipments will be delivered to the address provided by the customer.<\/p>\n<p>Shipments are made on Tuesdays.<\/p>\n<p>For products in stock, the estimated delivery time for Spain and Portugal is 24h from that day and for the rest of the countries it normally ranges between 48h and 72h from that day.<\/p>\n<p>For products out of stock, you can check the estimated delivery time by writing to shop@julietpomesleiz.com.<\/p>\n<p>No deliveries are made on Saturdays and Sundays.<\/p>\n<p>During holiday periods, the estimated delivery time may vary.<\/p>\n<p>&nbsp;<\/p>\n<hr \/>\n<p>&nbsp;<\/p>\n<p>DUTIES &amp; TAXES<\/p>\n<p>Duties and taxes are not included in the total at checkout. They are determined by the customs agency within the destination country. Although charges are not always incurred, assessment of duties and taxes will be based on the value of the order and the tax-free threshold, if it exists, for goods imported into the destination country. Payment of any duties and import taxes is the responsibility of the recipient, and these fees are collected at the time of delivery. Please note that we have no control over these charges and cannot predict their amount. Please contact your local customs office for further information and an estimate of their cost before placing your order.<\/p>","protected":false},"excerpt":{"rendered":"<p>Los env\u00edos pueden ser seguidos a trav\u00e9s de un n\u00ba de tracking que le facilitar\u00e1 la empresa de transporte. Los env\u00edos se entregar\u00e1n en el domicilio proporcionado por el cliente. Los env\u00edos se realizan los martes. Para productos en stock el tiempo estimado de entrega para Espa\u00f1a y Portugal es de 24h a partir de [&hellip;]<\/p>","protected":false},"author":1,"featured_media":0,"parent":0,"menu_order":2,"comment_status":"closed","ping_status":"closed","template":"single.php","meta":{"_acf_changed":false,"footnotes":""},"class_list":["post-92","page","type-page","status-publish","hentry"],"acf":[],"yoast_head":"<!-- This site is optimized with the Yoast SEO plugin v26.2 - https:\/\/yoast.com\/wordpress\/plugins\/seo\/ -->\n<title>T\u00e9rminos y Condiciones - Juliet Pom\u00e9s Leiz<\/title>\n<meta name=\"robots\" content=\"index, follow, max-snippet:-1, max-image-preview:large, max-video-preview:-1\" \/>\n<link rel=\"canonical\" href=\"https:\/\/julietpomesleiz.com\/en\/terminos-y-condiciones\/\" \/>\n<meta property=\"og:locale\" content=\"en_US\" \/>\n<meta property=\"og:type\" content=\"article\" \/>\n<meta property=\"og:title\" content=\"T\u00e9rminos y Condiciones - Juliet Pom\u00e9s Leiz\" \/>\n<meta property=\"og:description\" content=\"Los env\u00edos pueden ser seguidos a trav\u00e9s de un n\u00ba de tracking que le facilitar\u00e1 la empresa de transporte. Los env\u00edos se entregar\u00e1n en el domicilio proporcionado por el cliente. Los env\u00edos se realizan los martes. Para productos en stock el tiempo estimado de entrega para Espa\u00f1a y Portugal es de 24h a partir de [&hellip;]\" \/>\n<meta property=\"og:url\" content=\"https:\/\/julietpomesleiz.com\/en\/terminos-y-condiciones\/\" \/>\n<meta property=\"og:site_name\" content=\"Juliet Pom\u00e9s Leiz\" \/>\n<meta property=\"article:modified_time\" content=\"2021-05-30T11:03:58+00:00\" \/>\n<meta name=\"twitter:card\" content=\"summary_large_image\" \/>\n<meta name=\"twitter:label1\" content=\"Est. reading time\" \/>\n\t<meta name=\"twitter:data1\" content=\"1 minute\" \/>\n<script type=\"application\/ld+json\" class=\"yoast-schema-graph\">{\"@context\":\"https:\/\/schema.org\",\"@graph\":[{\"@type\":\"WebPage\",\"@id\":\"https:\/\/julietpomesleiz.com\/terminos-y-condiciones\",\"url\":\"https:\/\/julietpomesleiz.com\/terminos-y-condiciones\",\"name\":\"T\u00e9rminos y Condiciones - Juliet Pom\u00e9s Leiz\",\"isPartOf\":{\"@id\":\"https:\/\/julietpomesleiz.com\/#website\"},\"datePublished\":\"2021-03-18T20:09:54+00:00\",\"dateModified\":\"2021-05-30T11:03:58+00:00\",\"breadcrumb\":{\"@id\":\"https:\/\/julietpomesleiz.com\/terminos-y-condiciones#breadcrumb\"},\"inLanguage\":\"en-US\",\"potentialAction\":[{\"@type\":\"ReadAction\",\"target\":[\"https:\/\/julietpomesleiz.com\/terminos-y-condiciones\"]}]},{\"@type\":\"BreadcrumbList\",\"@id\":\"https:\/\/julietpomesleiz.com\/terminos-y-condiciones#breadcrumb\",\"itemListElement\":[{\"@type\":\"ListItem\",\"position\":1,\"name\":\"Portada\",\"item\":\"https:\/\/julietpomesleiz.com\/\"},{\"@type\":\"ListItem\",\"position\":2,\"name\":\"T\u00e9rminos y Condiciones\"}]},{\"@type\":\"WebSite\",\"@id\":\"https:\/\/julietpomesleiz.com\/#website\",\"url\":\"https:\/\/julietpomesleiz.com\/\",\"name\":\"Juliet Pom\u00e9s Leiz\",\"description\":\"Through the shop\",\"potentialAction\":[{\"@type\":\"SearchAction\",\"target\":{\"@type\":\"EntryPoint\",\"urlTemplate\":\"https:\/\/julietpomesleiz.com\/?s={search_term_string}\"},\"query-input\":{\"@type\":\"PropertyValueSpecification\",\"valueRequired\":true,\"valueName\":\"search_term_string\"}}],\"inLanguage\":\"en-US\"}]}<\/script>\n<!-- \/ Yoast SEO plugin. -->","yoast_head_json":{"title":"T\u00e9rminos y Condiciones - Juliet Pom\u00e9s Leiz","robots":{"index":"index","follow":"follow","max-snippet":"max-snippet:-1","max-image-preview":"max-image-preview:large","max-video-preview":"max-video-preview:-1"},"canonical":"https:\/\/julietpomesleiz.com\/en\/terminos-y-condiciones\/","og_locale":"en_US","og_type":"article","og_title":"T\u00e9rminos y Condiciones - Juliet Pom\u00e9s Leiz","og_description":"Los env\u00edos pueden ser seguidos a trav\u00e9s de un n\u00ba de tracking que le facilitar\u00e1 la empresa de transporte. Los env\u00edos se entregar\u00e1n en el domicilio proporcionado por el cliente. Los env\u00edos se realizan los martes. Para productos en stock el tiempo estimado de entrega para Espa\u00f1a y Portugal es de 24h a partir de [&hellip;]","og_url":"https:\/\/julietpomesleiz.com\/en\/terminos-y-condiciones\/","og_site_name":"Juliet Pom\u00e9s Leiz","article_modified_time":"2021-05-30T11:03:58+00:00","twitter_card":"summary_large_image","twitter_misc":{"Est. reading time":"1 minute"},"schema":{"@context":"https:\/\/schema.org","@graph":[{"@type":"WebPage","@id":"https:\/\/julietpomesleiz.com\/terminos-y-condiciones","url":"https:\/\/julietpomesleiz.com\/terminos-y-condiciones","name":"T\u00e9rminos y Condiciones - Juliet Pom\u00e9s Leiz","isPartOf":{"@id":"https:\/\/julietpomesleiz.com\/#website"},"datePublished":"2021-03-18T20:09:54+00:00","dateModified":"2021-05-30T11:03:58+00:00","breadcrumb":{"@id":"https:\/\/julietpomesleiz.com\/terminos-y-condiciones#breadcrumb"},"inLanguage":"en-US","potentialAction":[{"@type":"ReadAction","target":["https:\/\/julietpomesleiz.com\/terminos-y-condiciones"]}]},{"@type":"BreadcrumbList","@id":"https:\/\/julietpomesleiz.com\/terminos-y-condiciones#breadcrumb","itemListElement":[{"@type":"ListItem","position":1,"name":"Portada","item":"https:\/\/julietpomesleiz.com\/"},{"@type":"ListItem","position":2,"name":"T\u00e9rminos y Condiciones"}]},{"@type":"WebSite","@id":"https:\/\/julietpomesleiz.com\/#website","url":"https:\/\/julietpomesleiz.com\/","name":"Juliet Pom\u00e9s Leiz","description":"Through the shop","potentialAction":[{"@type":"SearchAction","target":{"@type":"EntryPoint","urlTemplate":"https:\/\/julietpomesleiz.com\/?s={search_term_string}"},"query-input":{"@type":"PropertyValueSpecification","valueRequired":true,"valueName":"search_term_string"}}],"inLanguage":"en-US"}]}},"_links":{"self":[{"href":"https:\/\/julietpomesleiz.com\/en\/wp-json\/wp\/v2\/pages\/92","targetHints":{"allow":["GET"]}}],"collection":[{"href":"https:\/\/julietpomesleiz.com\/en\/wp-json\/wp\/v2\/pages"}],"about":[{"href":"https:\/\/julietpomesleiz.com\/en\/wp-json\/wp\/v2\/types\/page"}],"author":[{"embeddable":true,"href":"https:\/\/julietpomesleiz.com\/en\/wp-json\/wp\/v2\/users\/1"}],"replies":[{"embeddable":true,"href":"https:\/\/julietpomesleiz.com\/en\/wp-json\/wp\/v2\/comments?post=92"}],"version-history":[{"count":8,"href":"https:\/\/julietpomesleiz.com\/en\/wp-json\/wp\/v2\/pages\/92\/revisions"}],"predecessor-version":[{"id":300,"href":"https:\/\/julietpomesleiz.com\/en\/wp-json\/wp\/v2\/pages\/92\/revisions\/300"}],"wp:attachment":[{"href":"https:\/\/julietpomesleiz.com\/en\/wp-json\/wp\/v2\/media?parent=92"}],"curies":[{"name":"wp","href":"https:\/\/api.w.org\/{rel}","templated":true}]}}