{"id":3,"date":"2020-11-08T19:57:28","date_gmt":"2020-11-08T19:57:28","guid":{"rendered":"http:\/\/julietpomesleiz.com\/?page_id=3"},"modified":"2021-05-30T11:00:34","modified_gmt":"2021-05-30T11:00:34","slug":"privacy-policy","status":"publish","type":"page","link":"https:\/\/julietpomesleiz.com\/en\/privacy-policy","title":{"rendered":"Privacy Policies"},"content":{"rendered":"<p>Juliet Pom\u00e9s Leiz complies with Spanish regulations for the protection of personal data, and guarantees full compliance with the obligations set forth in Organic Law 15\/1999, of December 13, on the Protection of Personal Data (LOPD), the Real Decree 1720\/2007, of December 21, which approves the Development Regulation of the LOPD and other regulations in force at all times, and ensures the correct use and treatment of the user's personal data.<\/p>\n<p>&nbsp;<\/p>\n<p>All the information you provide in this website is only meant to be used to complete the purchase, respond an inquiry via e-mail or to add you to our mailing list. Juliet Pom\u00e9s Leiz is the sole owner of all the information collected and only has access to the information you provide directly. To make amendments of your personal information please write an e-mail to shop@julietpomesleiz.com. Postal addresses and telephone numbers are used for processing orders, delivering merchandise, obtaining information and when communication is needed directly relating to orders or enquiries placed through our site.<\/p>","protected":false},"excerpt":{"rendered":"<p>Juliet Pom\u00e9s Leiz cumple con la normativa espa\u00f1ola de protecci\u00f3n de datos de car\u00e1cter personal, y garantiza el cumplimiento \u00edntegro de las obligaciones dispuestas la Ley Org\u00e1nica 15\/1999, de 13 de diciembre, de Protecci\u00f3n de Datos de Car\u00e1cter Personal (LOPD), el Real Decreto 1720\/2007, de 21 de diciembre, por el que se aprueba el Reglamento [&hellip;]<\/p>","protected":false},"author":1,"featured_media":0,"parent":0,"menu_order":9,"comment_status":"closed","ping_status":"open","template":"single.php","meta":{"_acf_changed":false,"footnotes":""},"class_list":["post-3","page","type-page","status-publish","hentry"],"acf":[],"yoast_head":"<!-- This site is optimized with the Yoast SEO plugin v26.2 - https:\/\/yoast.com\/wordpress\/plugins\/seo\/ -->\n<title>Pol\u00edtica de Privacidad - Juliet Pom\u00e9s Leiz<\/title>\n<meta name=\"robots\" content=\"index, follow, max-snippet:-1, max-image-preview:large, max-video-preview:-1\" \/>\n<link rel=\"canonical\" href=\"https:\/\/julietpomesleiz.com\/en\/privacy-policy\/\" \/>\n<meta property=\"og:locale\" content=\"en_US\" \/>\n<meta property=\"og:type\" content=\"article\" \/>\n<meta property=\"og:title\" content=\"Pol\u00edtica de Privacidad - Juliet Pom\u00e9s Leiz\" \/>\n<meta property=\"og:description\" content=\"Juliet Pom\u00e9s Leiz cumple con la normativa espa\u00f1ola de protecci\u00f3n de datos de car\u00e1cter personal, y garantiza el cumplimiento \u00edntegro de las obligaciones dispuestas la Ley Org\u00e1nica 15\/1999, de 13 de diciembre, de Protecci\u00f3n de Datos de Car\u00e1cter Personal (LOPD), el Real Decreto 1720\/2007, de 21 de diciembre, por el que se aprueba el Reglamento [&hellip;]\" \/>\n<meta property=\"og:url\" content=\"https:\/\/julietpomesleiz.com\/en\/privacy-policy\/\" \/>\n<meta property=\"og:site_name\" content=\"Juliet Pom\u00e9s Leiz\" \/>\n<meta property=\"article:modified_time\" content=\"2021-05-30T11:00:34+00:00\" \/>\n<meta name=\"twitter:card\" content=\"summary_large_image\" \/>\n<meta name=\"twitter:label1\" content=\"Est. reading time\" \/>\n\t<meta name=\"twitter:data1\" content=\"1 minute\" \/>\n<script type=\"application\/ld+json\" class=\"yoast-schema-graph\">{\"@context\":\"https:\/\/schema.org\",\"@graph\":[{\"@type\":\"WebPage\",\"@id\":\"https:\/\/julietpomesleiz.com\/privacy-policy\",\"url\":\"https:\/\/julietpomesleiz.com\/privacy-policy\",\"name\":\"Pol\u00edtica de Privacidad - Juliet Pom\u00e9s Leiz\",\"isPartOf\":{\"@id\":\"https:\/\/julietpomesleiz.com\/#website\"},\"datePublished\":\"2020-11-08T19:57:28+00:00\",\"dateModified\":\"2021-05-30T11:00:34+00:00\",\"breadcrumb\":{\"@id\":\"https:\/\/julietpomesleiz.com\/privacy-policy#breadcrumb\"},\"inLanguage\":\"en-US\",\"potentialAction\":[{\"@type\":\"ReadAction\",\"target\":[\"https:\/\/julietpomesleiz.com\/privacy-policy\"]}]},{\"@type\":\"BreadcrumbList\",\"@id\":\"https:\/\/julietpomesleiz.com\/privacy-policy#breadcrumb\",\"itemListElement\":[{\"@type\":\"ListItem\",\"position\":1,\"name\":\"Portada\",\"item\":\"https:\/\/julietpomesleiz.com\/\"},{\"@type\":\"ListItem\",\"position\":2,\"name\":\"Pol\u00edtica de Privacidad\"}]},{\"@type\":\"WebSite\",\"@id\":\"https:\/\/julietpomesleiz.com\/#website\",\"url\":\"https:\/\/julietpomesleiz.com\/\",\"name\":\"Juliet Pom\u00e9s Leiz\",\"description\":\"Through the shop\",\"potentialAction\":[{\"@type\":\"SearchAction\",\"target\":{\"@type\":\"EntryPoint\",\"urlTemplate\":\"https:\/\/julietpomesleiz.com\/?s={search_term_string}\"},\"query-input\":{\"@type\":\"PropertyValueSpecification\",\"valueRequired\":true,\"valueName\":\"search_term_string\"}}],\"inLanguage\":\"en-US\"}]}<\/script>\n<!-- \/ Yoast SEO plugin. -->","yoast_head_json":{"title":"Pol\u00edtica de Privacidad - Juliet Pom\u00e9s Leiz","robots":{"index":"index","follow":"follow","max-snippet":"max-snippet:-1","max-image-preview":"max-image-preview:large","max-video-preview":"max-video-preview:-1"},"canonical":"https:\/\/julietpomesleiz.com\/en\/privacy-policy\/","og_locale":"en_US","og_type":"article","og_title":"Pol\u00edtica de Privacidad - Juliet Pom\u00e9s Leiz","og_description":"Juliet Pom\u00e9s Leiz cumple con la normativa espa\u00f1ola de protecci\u00f3n de datos de car\u00e1cter personal, y garantiza el cumplimiento \u00edntegro de las obligaciones dispuestas la Ley Org\u00e1nica 15\/1999, de 13 de diciembre, de Protecci\u00f3n de Datos de Car\u00e1cter Personal (LOPD), el Real Decreto 1720\/2007, de 21 de diciembre, por el que se aprueba el Reglamento [&hellip;]","og_url":"https:\/\/julietpomesleiz.com\/en\/privacy-policy\/","og_site_name":"Juliet Pom\u00e9s Leiz","article_modified_time":"2021-05-30T11:00:34+00:00","twitter_card":"summary_large_image","twitter_misc":{"Est. reading time":"1 minute"},"schema":{"@context":"https:\/\/schema.org","@graph":[{"@type":"WebPage","@id":"https:\/\/julietpomesleiz.com\/privacy-policy","url":"https:\/\/julietpomesleiz.com\/privacy-policy","name":"Pol\u00edtica de Privacidad - Juliet Pom\u00e9s Leiz","isPartOf":{"@id":"https:\/\/julietpomesleiz.com\/#website"},"datePublished":"2020-11-08T19:57:28+00:00","dateModified":"2021-05-30T11:00:34+00:00","breadcrumb":{"@id":"https:\/\/julietpomesleiz.com\/privacy-policy#breadcrumb"},"inLanguage":"en-US","potentialAction":[{"@type":"ReadAction","target":["https:\/\/julietpomesleiz.com\/privacy-policy"]}]},{"@type":"BreadcrumbList","@id":"https:\/\/julietpomesleiz.com\/privacy-policy#breadcrumb","itemListElement":[{"@type":"ListItem","position":1,"name":"Portada","item":"https:\/\/julietpomesleiz.com\/"},{"@type":"ListItem","position":2,"name":"Pol\u00edtica de Privacidad"}]},{"@type":"WebSite","@id":"https:\/\/julietpomesleiz.com\/#website","url":"https:\/\/julietpomesleiz.com\/","name":"Juliet Pom\u00e9s Leiz","description":"Through the shop","potentialAction":[{"@type":"SearchAction","target":{"@type":"EntryPoint","urlTemplate":"https:\/\/julietpomesleiz.com\/?s={search_term_string}"},"query-input":{"@type":"PropertyValueSpecification","valueRequired":true,"valueName":"search_term_string"}}],"inLanguage":"en-US"}]}},"_links":{"self":[{"href":"https:\/\/julietpomesleiz.com\/en\/wp-json\/wp\/v2\/pages\/3","targetHints":{"allow":["GET"]}}],"collection":[{"href":"https:\/\/julietpomesleiz.com\/en\/wp-json\/wp\/v2\/pages"}],"about":[{"href":"https:\/\/julietpomesleiz.com\/en\/wp-json\/wp\/v2\/types\/page"}],"author":[{"embeddable":true,"href":"https:\/\/julietpomesleiz.com\/en\/wp-json\/wp\/v2\/users\/1"}],"replies":[{"embeddable":true,"href":"https:\/\/julietpomesleiz.com\/en\/wp-json\/wp\/v2\/comments?post=3"}],"version-history":[{"count":5,"href":"https:\/\/julietpomesleiz.com\/en\/wp-json\/wp\/v2\/pages\/3\/revisions"}],"predecessor-version":[{"id":299,"href":"https:\/\/julietpomesleiz.com\/en\/wp-json\/wp\/v2\/pages\/3\/revisions\/299"}],"wp:attachment":[{"href":"https:\/\/julietpomesleiz.com\/en\/wp-json\/wp\/v2\/media?parent=3"}],"curies":[{"name":"wp","href":"https:\/\/api.w.org\/{rel}","templated":true}]}}